{"id":887,"date":"2016-12-28T08:15:24","date_gmt":"2016-12-28T07:15:24","guid":{"rendered":"https:\/\/www.alfa.be\/producten\/"},"modified":"2023-01-16T12:04:59","modified_gmt":"2023-01-16T11:04:59","slug":"produits-d-alfa","status":"publish","type":"page","link":"https:\/\/www.alfa.be\/fr\/produits-d-alfa\/","title":{"rendered":"PRODUITS D&rsquo;ALFA"},"content":{"rendered":"<p>[vc_row css_animation=\u00a0\u00bb\u00a0\u00bb row_type=\u00a0\u00bbrow\u00a0\u00bb use_row_as_full_screen_section=\u00a0\u00bbno\u00a0\u00bb type=\u00a0\u00bbgrid\u00a0\u00bb header_style=\u00a0\u00bbdark\u00a0\u00bb angled_section=\u00a0\u00bbno\u00a0\u00bb text_align=\u00a0\u00bbcenter\u00a0\u00bb background_image_as_pattern=\u00a0\u00bbwithout_pattern\u00a0\u00bb padding_bottom=\u00a0\u00bb80&Prime;][vc_column width=\u00a0\u00bb1\/6&Prime;][\/vc_column][vc_column width=\u00a0\u00bb2\/3&Prime;][vc_column_text]<\/p>\n<h2>D\u00c9COUVREZ NOS PRODUITS<\/h2>\n<p>[\/vc_column_text][\/vc_column][vc_column width=\u00a0\u00bb1\/6&Prime;][\/vc_column][\/vc_row][vc_row css_animation=\u00a0\u00bb\u00a0\u00bb row_type=\u00a0\u00bbrow\u00a0\u00bb use_row_as_full_screen_section=\u00a0\u00bbno\u00a0\u00bb type=\u00a0\u00bbgrid\u00a0\u00bb header_style=\u00a0\u00bbdark\u00a0\u00bb angled_section=\u00a0\u00bbno\u00a0\u00bb text_align=\u00a0\u00bbcenter\u00a0\u00bb background_image_as_pattern=\u00a0\u00bbwithout_pattern\u00a0\u00bb padding_bottom=\u00a0\u00bb80&Prime;][vc_column][cover_boxes active_element=\u00a0\u00bb1&Prime; title1=\u00a0\u00bbAlfa Gastric\u00a0\u00bb text1=\u00a0\u00bb<\/p>\n<h6><strong>Soutien de la digestion et d&rsquo;une muqueuse gastrique saine<\/strong><\/h6>\n<p>\u00a0\u00bb link1=\u00a0\u00bbhttps:\/\/www.alfa.be\/fr\/complement-alimentaire\/alfa-gastric\/\u00a0\u00bb link_label1=\u00a0\u00bblire la suite\u00a0\u00bb target1=\u00a0\u00bb_self\u00a0\u00bb title2=\u00a0\u00bbAlfa Digest\u00a0\u00bb text2=\u00a0\u00bb<\/p>\n<h6><strong>Pour une meilleure digestion des prot\u00e9ines et un bon fonctionnement du syst\u00e8me digestif<\/strong><\/h6>\n<p>\u00a0\u00bb link2=\u00a0\u00bbhttps:\/\/www.alfa.be\/fr\/complement-alimentaire\/alfa-digest\/\u00a0\u00bb link_label2=\u00a0\u00bblire la suite\u00a0\u00bb target2=\u00a0\u00bb_self\u00a0\u00bb title3=\u00a0\u00bbAlfa ultra enzymes\u00a0\u00bb text3=\u00a0\u00bb<\/p>\n<h6><strong>Pour une digestion optimale et l&rsquo;absorption des macronutriments<\/strong><\/h6>\n<p>\u00a0\u00bb link3=\u00a0\u00bbhttps:\/\/www.alfa.be\/fr\/complement-alimentaire\/alfa-ultra-enzymes\/\u00a0\u00bb link_label3=\u00a0\u00bblire la suite\u00a0\u00bb target3=\u00a0\u00bb_self\u00a0\u00bb image1=\u00a0\u00bb1432&Prime; image2=\u00a0\u00bb1444&Prime; title_color1=\u00a0\u00bb#af4834&Prime; text_color1=\u00a0\u00bb#af4834&Prime; title_color2=\u00a0\u00bb#4d5e80&Prime; text_color2=\u00a0\u00bb#4d5e80&Prime; title_color3=\u00a0\u00bb#427060&Prime; image3=\u00a0\u00bb5297&Prime; text_color3=\u00a0\u00bb#427060&Prime;][cover_boxes active_element=\u00a0\u00bb1&Prime; title1=\u00a0\u00bbAlfa Lipid\u00a0\u00bb text1=\u00a0\u00bb<\/p>\n<h6><strong>Pour une combustion optimale des graisses, une normalisation de la glyc\u00e9mie et un m\u00e9tabolisme normal de l&rsquo;homocyst\u00e9ine<\/strong><\/h6>\n<p>\u00a0\u00bb link1=\u00a0\u00bbhttps:\/\/www.alfa.be\/fr\/complement-alimentaire\/alfa-lipid\/\u00a0\u00bb link_label1=\u00a0\u00bblire la suite\u00a0\u00bb target1=\u00a0\u00bb_self\u00a0\u00bb title2=\u00a0\u00bbAlfa Metabolic Fit\u00a0\u00bb text2=\u00a0\u00bb<\/p>\n<h6><strong>Pour une oxydation optimale des acides gras et la pr\u00e9servation des tissus musculaires<\/strong><\/h6>\n<p>\u00a0\u00bb link2=\u00a0\u00bbhttps:\/\/www.alfa.be\/fr\/complement-alimentaire\/alfa-metabolic-fit\/\u00a0\u00bb link_label2=\u00a0\u00bblire la suite\u00a0\u00bb target2=\u00a0\u00bb_self\u00a0\u00bb title3=\u00a0\u00bbAlfa Energy\u00a0\u00bb text3=\u00a0\u00bb<\/p>\n<h6><strong>Pour une \u00e9nergie mentale et physique accrue et une meilleure concentration<\/strong><\/h6>\n<p>\u00a0\u00bb link3=\u00a0\u00bbhttps:\/\/www.alfa.be\/fr\/complement-alimentaire\/alfa-energy\/\u00a0\u00bb link_label3=\u00a0\u00bblire la suite\u00a0\u00bb target3=\u00a0\u00bb_self\u00a0\u00bb image1=\u00a0\u00bb5359&Prime; title_color1=\u00a0\u00bb#cb920f\u00a0\u00bb text_color1=\u00a0\u00bb#cb920f\u00a0\u00bb title_color2=\u00a0\u00bb#b588b9&Prime; text_color2=\u00a0\u00bb#b588b9&Prime; title_color3=\u00a0\u00bb#8b8d90&Prime; text_color3=\u00a0\u00bb#8b8d90&Prime; image2=\u00a0\u00bb7479&Prime; image3=\u00a0\u00bb1346&Prime;][cover_boxes active_element=\u00a0\u00bb3&Prime; title1=\u00a0\u00bbAlfa Relax\u00a0\u00bb text1=\u00a0\u00bb<\/p>\n<h6><strong>Pour un repos r\u00e9parateur sans somnolence<\/strong><\/h6>\n<p>\u00a0\u00bb link1=\u00a0\u00bbhttps:\/\/www.alfa.be\/fr\/complement-alimentaire\/alfa-relax\/\u00a0\u00bb link_label1=\u00a0\u00bblire la suite\u00a0\u00bb target1=\u00a0\u00bb_self\u00a0\u00bb title2=\u00a0\u00bbAlfa Magnesium + B6&Prime; text2=\u00a0\u00bb<\/p>\n<h6><strong>Pour une croissance saine, un syst\u00e8me nerveux bien d\u00e9velopp\u00e9 et des muscles souples<\/strong><\/h6>\n<p>\u00a0\u00bb link2=\u00a0\u00bbhttps:\/\/www.alfa.be\/fr\/complement-alimentaire\/alfa-magnesium\/\u00a0\u00bb link_label2=\u00a0\u00bblire la suite\u00a0\u00bb target2=\u00a0\u00bb_self\u00a0\u00bb title3=\u00a0\u00bbAlfa Rhodiola Rosea\u00a0\u00bb text3=\u00a0\u00bb<\/p>\n<h6><strong>Pour une meilleure sant\u00e9 mentale et tranquillit\u00e9 d\u2019esprit<\/strong><\/h6>\n<p>\u00a0\u00bb link3=\u00a0\u00bbhttps:\/\/www.alfa.be\/fr\/complement-alimentaire\/alfa-rhodiola-rosea\/\u00a0\u00bb link_label3=\u00a0\u00bblire la suite\u00a0\u00bb target3=\u00a0\u00bb_self\u00a0\u00bb image1=\u00a0\u00bb10335&Prime; image2=\u00a0\u00bb5736&Prime; image3=\u00a0\u00bb1351&Prime; title_color1=\u00a0\u00bb#8b8d90&Prime; text_color1=\u00a0\u00bb#8b8d90&Prime; title_color2=\u00a0\u00bb#619d95&Prime; text_color2=\u00a0\u00bb#619d95&Prime; title_color3=\u00a0\u00bb#a37e8d\u00a0\u00bb text_color3=\u00a0\u00bb#a37e8d\u00a0\u00bb][cover_boxes active_element=\u00a0\u00bb2&Prime; title1=\u00a0\u00bbAlfa Up-Cell Forte\u00a0\u00bb text1=\u00a0\u00bb<\/p>\n<h6><strong>Multivitamines \u00e0 large spectre, hautement dos\u00e9 et \u00e0 base de formes actives<\/strong><\/h6>\n<p>\u00a0\u00bb link1=\u00a0\u00bbhttps:\/\/www.alfa.be\/fr\/complement-alimentaire\/alfa-up-cell-forte\/\u00a0\u00bb link_label1=\u00a0\u00bblire la suite\u00a0\u00bb target1=\u00a0\u00bb_self\u00a0\u00bb title2=\u00a0\u00bbVitamine K2 &amp; D3 Forte\u00a0\u00bb text2=\u00a0\u00bb<\/p>\n<h6><strong>Pour le maintien de la sant\u00e9 des os, du coeur et des vaisseaux sanguins<\/strong><\/h6>\n<p>\u00a0\u00bb link2=\u00a0\u00bbhttps:\/\/www.alfa.be\/fr\/complement-alimentaire\/alfa-vitamine-k2d3-forte\/\u00a0\u00bb link_label2=\u00a0\u00bblire la suite\u00a0\u00bb target2=\u00a0\u00bb_self\u00a0\u00bb title3=\u00a0\u00bbAlfa Vitamine D3&Prime; text3=\u00a0\u00bb<\/p>\n<h6><strong>Pour une meilleure immunit\u00e9 et des os et muscles renforc\u00e9s<\/strong><\/h6>\n<p>\u00a0\u00bb link3=\u00a0\u00bbhttps:\/\/www.alfa.be\/fr\/complement-alimentaire\/alfa-vitamine-d3\/\u00a0\u00bb link_label3=\u00a0\u00bblire la suite\u00a0\u00bb target3=\u00a0\u00bb_self\u00a0\u00bb image1=\u00a0\u00bb5840&Prime; image2=\u00a0\u00bb5820&Prime; image3=\u00a0\u00bb1339&Prime; title_color1=\u00a0\u00bb#ff6b00&Prime; text_color1=\u00a0\u00bb#ff6b00&Prime; title_color2=\u00a0\u00bb#80bb00&Prime; text_color2=\u00a0\u00bb#80bb00&Prime; title_color3=\u00a0\u00bb##8a9489&Prime; text_color3=\u00a0\u00bb##8a9489&Prime;][cover_boxes active_element=\u00a0\u00bb1&Prime; title1=\u00a0\u00bbAlfa Immunity\u00a0\u00bb text1=\u00a0\u00bb<\/p>\n<h6><strong>Pour une r\u00e9sistance renforc\u00e9e<\/strong><\/h6>\n<p>\u00a0\u00bb link1=\u00a0\u00bbhttps:\/\/www.alfa.be\/fr\/complement-alimentaire\/alfa-immunity\/\u00a0\u00bb link_label1=\u00a0\u00bblire la suite\u00a0\u00bb target1=\u00a0\u00bb_self\u00a0\u00bb title2=\u00a0\u00bbAlfa L-lysine\u00a0\u00bb text2=\u00a0\u00bb<\/p>\n<h6><strong>Pour soutenir et r\u00e9parer une peau saine<\/strong><\/h6>\n<p>\u00a0\u00bb link2=\u00a0\u00bbhttps:\/\/www.alfa.be\/fr\/complement-alimentaire\/alfa-l-lysine\/\u00a0\u00bb link_label2=\u00a0\u00bblire la suite\u00a0\u00bb target2=\u00a0\u00bb_self\u00a0\u00bb title3=\u00a0\u00bbAlfa Tri-Zinc\u00a0\u00bb text3=\u00a0\u00bb<\/p>\n<h6><strong>Pour une peau, des os, des cheveux et des ongles sains et une meilleure immunit\u00e9<\/strong><\/h6>\n<p>\u00a0\u00bb link3=\u00a0\u00bbhttps:\/\/www.alfa.be\/fr\/complement-alimentaire\/alfa-tri-zinc\/\u00a0\u00bb link_label3=\u00a0\u00bblire la suite\u00a0\u00bb target3=\u00a0\u00bb_self\u00a0\u00bb image1=\u00a0\u00bb1345&Prime; image2=\u00a0\u00bb1196&Prime; title_color1=\u00a0\u00bb#ac8f78&Prime; text_color1=\u00a0\u00bb#ac8f78&Prime; title_color2=\u00a0\u00bb#e6a653&Prime; text_color2=\u00a0\u00bb#e6a653&Prime; image3=\u00a0\u00bb1341&Prime; title_color3=\u00a0\u00bb#ac8f78&Prime; text_color3=\u00a0\u00bb#ac8f78&Prime;][cover_boxes active_element=\u00a0\u00bb1&Prime; title1=\u00a0\u00bbAlfa Iodine &amp; Tyrosine\u00a0\u00bb text1=\u00a0\u00bb<\/p>\n<h6><strong>Pour le soutien de la production des hormones thyro\u00efdiennes<\/strong><\/h6>\n<p>\u00a0\u00bb link1=\u00a0\u00bbhttps:\/\/www.alfa.be\/fr\/complement-alimentaire\/alfa-iodine-tyrosine\/\u00a0\u00bb link_label1=\u00a0\u00bblire la suite\u00a0\u00bb target1=\u00a0\u00bb_self\u00a0\u00bb title2=\u00a0\u00bbAlfa Epigen Forte\u00a0\u00bb text2=\u00a0\u00bb<\/p>\n<h6>Contr\u00f4le \u00e9pig\u00e9n\u00e9tique avec des phytonutriments<\/h6>\n<p>\u00a0\u00bb link2=\u00a0\u00bbhttps:\/\/www.alfa.be\/fr\/complement-alimentaire\/alfa-epigen-forte\u00a0\u00bb link_label2=\u00a0\u00bblire la suite\u00a0\u00bb target2=\u00a0\u00bb_self\u00a0\u00bb title3=\u00a0\u00bbAlfa Permea Intest\u00a0\u00bb text3=\u00a0\u00bb<\/p>\n<h6>Pour une perm\u00e9abilit\u00e9 optimale de paroi intestinale.<\/h6>\n<p>\u00a0\u00bb link3=\u00a0\u00bbhttps:\/\/www.alfa.be\/fr\/complement-alimentaire\/alfa-permea-intest\u00a0\u00bb link_label3=\u00a0\u00bblire la suite\u00a0\u00bb target3=\u00a0\u00bb_self\u00a0\u00bb image1=\u00a0\u00bb5564&Prime; title_color1=\u00a0\u00bb#009cbd\u00a0\u00bb text_color1=\u00a0\u00bb#009cbd\u00a0\u00bb title_color2=\u00a0\u00bb#7091a4&Prime; text_color2=\u00a0\u00bb#7091a4&Prime; title_color3=\u00a0\u00bb#782e3c\u00a0\u00bb image2=\u00a0\u00bb15647&Prime; image3=\u00a0\u00bb14579&Prime; text_color3=\u00a0\u00bb#782e3c\u00a0\u00bb][\/vc_column][\/vc_row][vc_row css_animation=\u00a0\u00bb\u00a0\u00bb row_type=\u00a0\u00bbrow\u00a0\u00bb use_row_as_full_screen_section=\u00a0\u00bbno\u00a0\u00bb type=\u00a0\u00bbgrid\u00a0\u00bb header_style=\u00a0\u00bbdark\u00a0\u00bb angled_section=\u00a0\u00bbno\u00a0\u00bb text_align=\u00a0\u00bbcenter\u00a0\u00bb background_image_as_pattern=\u00a0\u00bbwithout_pattern\u00a0\u00bb][vc_column][vc_column_text]<\/p>\n<p>I am text block. Click edit button to change this text. Lorem ipsum dolor sit amet, consectetur adipiscing elit. Ut elit tellus, luctus nec ullamcorper mattis, pulvinar dapibus leo.<\/p>\n<p>[\/vc_column_text][\/vc_column][vc_column width=\u00a0\u00bb1\/6&Prime;][\/vc_column][\/vc_row]<\/p>\n","protected":false},"excerpt":{"rendered":"<p>[vc_row css_animation=\u00a0\u00bb\u00a0\u00bb row_type=\u00a0\u00bbrow\u00a0\u00bb use_row_as_full_screen_section=\u00a0\u00bbno\u00a0\u00bb type=\u00a0\u00bbgrid\u00a0\u00bb header_style=\u00a0\u00bbdark\u00a0\u00bb angled_section=\u00a0\u00bbno\u00a0\u00bb text_align=\u00a0\u00bbcenter\u00a0\u00bb background_image_as_pattern=\u00a0\u00bbwithout_pattern\u00a0\u00bb padding_bottom=\u00a0\u00bb80&Prime;][vc_column width=\u00a0\u00bb1\/6&Prime;][\/vc_column][vc_column width=\u00a0\u00bb2\/3&Prime;][vc_column_text] D\u00c9COUVREZ NOS PRODUITS [\/vc_column_text][\/vc_column][vc_column width=\u00a0\u00bb1\/6&Prime;][\/vc_column][\/vc_row][vc_row css_animation=\u00a0\u00bb\u00a0\u00bb row_type=\u00a0\u00bbrow\u00a0\u00bb use_row_as_full_screen_section=\u00a0\u00bbno\u00a0\u00bb type=\u00a0\u00bbgrid\u00a0\u00bb header_style=\u00a0\u00bbdark\u00a0\u00bb angled_section=\u00a0\u00bbno\u00a0\u00bb text_align=\u00a0\u00bbcenter\u00a0\u00bb background_image_as_pattern=\u00a0\u00bbwithout_pattern\u00a0\u00bb padding_bottom=\u00a0\u00bb80&Prime;][vc_column][cover_boxes active_element=\u00a0\u00bb1&Prime; title1=\u00a0\u00bbAlfa Gastric\u00a0\u00bb text1=\u00a0\u00bb Soutien de la digestion et d&rsquo;une muqueuse gastrique saine \u00a0\u00bb link1=\u00a0\u00bbhttps:\/\/www.alfa.be\/fr\/complement-alimentaire\/alfa-gastric\/\u00a0\u00bb link_label1=\u00a0\u00bblire la suite\u00a0\u00bb target1=\u00a0\u00bb_self\u00a0\u00bb title2=\u00a0\u00bbAlfa Digest\u00a0\u00bb text2=\u00a0\u00bb Pour une meilleure digestion des prot\u00e9ines et [&hellip;]<\/p>\n","protected":false},"author":4,"featured_media":873,"parent":0,"menu_order":0,"comment_status":"closed","ping_status":"closed","template":"full_width.php","meta":{"_exactmetrics_skip_tracking":false,"_exactmetrics_sitenote_active":false,"_exactmetrics_sitenote_note":"","_exactmetrics_sitenote_category":0,"__cvm_playback_settings":[],"__cvm_video_id":"","footnotes":""},"class_list":["post-887","page","type-page","status-publish","has-post-thumbnail","hentry"],"_links":{"self":[{"href":"https:\/\/www.alfa.be\/fr\/wp-json\/wp\/v2\/pages\/887","targetHints":{"allow":["GET"]}}],"collection":[{"href":"https:\/\/www.alfa.be\/fr\/wp-json\/wp\/v2\/pages"}],"about":[{"href":"https:\/\/www.alfa.be\/fr\/wp-json\/wp\/v2\/types\/page"}],"author":[{"embeddable":true,"href":"https:\/\/www.alfa.be\/fr\/wp-json\/wp\/v2\/users\/4"}],"replies":[{"embeddable":true,"href":"https:\/\/www.alfa.be\/fr\/wp-json\/wp\/v2\/comments?post=887"}],"version-history":[{"count":0,"href":"https:\/\/www.alfa.be\/fr\/wp-json\/wp\/v2\/pages\/887\/revisions"}],"wp:featuredmedia":[{"embeddable":true,"href":"https:\/\/www.alfa.be\/fr\/wp-json\/wp\/v2\/media\/873"}],"wp:attachment":[{"href":"https:\/\/www.alfa.be\/fr\/wp-json\/wp\/v2\/media?parent=887"}],"curies":[{"name":"wp","href":"https:\/\/api.w.org\/{rel}","templated":true}]}}