{"id":4716,"date":"2018-02-18T16:17:37","date_gmt":"2018-02-18T15:17:37","guid":{"rendered":"https:\/\/www.alfa.be\/login\/"},"modified":"2023-07-05T13:56:59","modified_gmt":"2023-07-05T11:56:59","slug":"seconnecter","status":"publish","type":"page","link":"https:\/\/www.alfa.be\/fr\/seconnecter\/","title":{"rendered":"Login"},"content":{"rendered":"\t\t<div data-elementor-type=\"wp-page\" data-elementor-id=\"4716\" class=\"elementor elementor-4716 elementor-1475\" data-elementor-settings=\"{&quot;ha_cmc_init_switcher&quot;:&quot;no&quot;}\" data-elementor-post-type=\"page\">\n\t\t\t\t\t\t<section class=\"elementor-section elementor-top-section elementor-element elementor-element-139eca9b elementor-section-boxed elementor-section-height-default elementor-section-height-default\" data-id=\"139eca9b\" data-element_type=\"section\" data-e-type=\"section\" data-settings=\"{&quot;_ha_eqh_enable&quot;:false}\">\n\t\t\t\t\t\t<div class=\"elementor-container elementor-column-gap-default\">\n\t\t\t\t\t<div class=\"elementor-column elementor-col-100 elementor-top-column elementor-element elementor-element-48761718\" data-id=\"48761718\" data-element_type=\"column\" data-e-type=\"column\">\n\t\t\t<div class=\"elementor-widget-wrap elementor-element-populated\">\n\t\t\t\t\t\t<div class=\"elementor-element elementor-element-1d61ac3 elementor-widget elementor-widget-text-editor\" data-id=\"1d61ac3\" data-element_type=\"widget\" data-e-type=\"widget\" data-widget_type=\"text-editor.default\">\n\t\t\t\t<div class=\"elementor-widget-container\">\n\t\t\t\t\t\t\t\t\t<p>\u00a0<\/p><p>\u00a0<\/p><h3 style=\"text-align: center;\">ACCES AUX INFORMATIONS SCIENTIFIQUES<\/h3><h3 style=\"text-align: center;\">(FICHES PRODUITS, VIDEOS)<\/h3><p>\u00a0<\/p><p style=\"font-weight: 400; text-align: center;\"><span style=\"color: #ff0000;\">Un compte professionnel est r\u00e9s\u00e9rv\u00e9 \u00a0aux professionnels de la sant\u00e9 qui prescrivent ou vendent des compl\u00e9ments nutritionnels. Gr\u00e2ce \u00e0 ce compte, vous acc\u00e9dez \u00e0 la partie professionnelle du site avec des informations scientifiques sur les produits.<\/span><\/p><p>\u00a0<\/p><p style=\"font-weight: 400; text-align: center;\"><strong>Pas encore de compte professionnel?<\/strong><\/p><p style=\"font-weight: 400; text-align: center;\"><strong>Enregistrez-vous via le bouton \u00ab\u00a0Register\u00a0\u00bb ci-dessous.<\/strong><\/p><div class=\"piereg_container\"><div class=\"piereg_login_container pieregWrapper\"><div class=\"piereg_login_wrapper\">\r\n\t\t<form method=\"post\" id=\"piereg_login_form\" class=\"piereg_loginform\" name=\"loginform\" action=\"\/fr\/wp-json\/wp\/v2\/pages\/4716\"><ul id=\"pie_register\"><li class=\"fields\"><div class=\"fieldset\"><label for=\"user_login\">Username<\/label><input placeholder=\"\" type=\"text\" value=\"\" class=\"input input_fields piereg_validate[required]\" id=\"user_login\" name=\"log\"><\/div><\/li><li class=\"fields\"><div class=\"fieldset\"><div class=\"password_field\"><label for=\"user_pass\">Password<\/label><input placeholder=\"\" type=\"password\" value=\"\" class=\"input input_fields piereg_validate[required]\" id=\"user_pass\" name=\"pwd\"><span class=\"show-hide-password-innerbtn pass-eye-login eye\"><\/span><\/div><\/div><\/li><li class=\"fields\"><div class=\"fieldset\"><\/div><\/li><\/ul><p class=\"forgetmenot\"><input type=\"checkbox\" value=\"forever\" id=\"rememberme\" name=\"rememberme\"><label for=\"rememberme\">Remember Me<\/label><\/p><input type=\"hidden\" id=\"piereg_login_form_nonce\" name=\"piereg_login_form_nonce\" value=\"eacfc55347\" \/><input type=\"hidden\" name=\"_wp_http_referer\" value=\"\/fr\/wp-json\/wp\/v2\/pages\/4716\" \/><p class=\"submit\"><input type=\"submit\" value=\"Log In\" class=\"button button-primary button-large\" id=\"wp-login-submit\" name=\"wp-submit\"><input type=\"hidden\" value=\"https:\/\/www.alfa.be\/wp-admin\/\" name=\"redirect_to\"><input type=\"hidden\" value=\"1\" name=\"testcookie\"><\/p><p id=\"nav\"><a href=\"https:\/\/www.alfa.be\/fr\/sinscrire\/\">Register<\/a><a style=\"cursor:default;text-decoration:none;\" href=\"javascript:;\"> | <\/a><a title=\"Reset your password\" href=\"https:\/\/www.alfa.be\/fr\/je-ne-connais-pas-mon-mot-de-passe\/\">Lost your password?<\/a><\/p><\/form><\/div>\r\n<\/div><\/div>\t\t\t\t\t\t\t\t<\/div>\n\t\t\t\t<\/div>\n\t\t\t\t\t<\/div>\n\t\t<\/div>\n\t\t\t\t\t<\/div>\n\t\t<\/section>\n\t\t\t\t<\/div>\n\t\t","protected":false},"excerpt":{"rendered":"<p>\u00a0 \u00a0 ACCES AUX INFORMATIONS SCIENTIFIQUES (FICHES PRODUITS, VIDEOS) \u00a0 Un compte professionnel est r\u00e9s\u00e9rv\u00e9 \u00a0aux professionnels de la sant\u00e9 qui prescrivent ou vendent des compl\u00e9ments nutritionnels. Gr\u00e2ce \u00e0 ce compte, vous acc\u00e9dez \u00e0 la partie professionnelle du site avec des informations scientifiques sur les produits. \u00a0 Pas encore de compte professionnel? Enregistrez-vous via le [&hellip;]<\/p>\n","protected":false},"author":177,"featured_media":0,"parent":0,"menu_order":0,"comment_status":"closed","ping_status":"closed","template":"","meta":{"_exactmetrics_skip_tracking":false,"_exactmetrics_sitenote_active":false,"_exactmetrics_sitenote_note":"","_exactmetrics_sitenote_category":0,"__cvm_playback_settings":[],"__cvm_video_id":"","footnotes":""},"class_list":["post-4716","page","type-page","status-publish","hentry"],"_links":{"self":[{"href":"https:\/\/www.alfa.be\/fr\/wp-json\/wp\/v2\/pages\/4716","targetHints":{"allow":["GET"]}}],"collection":[{"href":"https:\/\/www.alfa.be\/fr\/wp-json\/wp\/v2\/pages"}],"about":[{"href":"https:\/\/www.alfa.be\/fr\/wp-json\/wp\/v2\/types\/page"}],"author":[{"embeddable":true,"href":"https:\/\/www.alfa.be\/fr\/wp-json\/wp\/v2\/users\/177"}],"replies":[{"embeddable":true,"href":"https:\/\/www.alfa.be\/fr\/wp-json\/wp\/v2\/comments?post=4716"}],"version-history":[{"count":0,"href":"https:\/\/www.alfa.be\/fr\/wp-json\/wp\/v2\/pages\/4716\/revisions"}],"wp:attachment":[{"href":"https:\/\/www.alfa.be\/fr\/wp-json\/wp\/v2\/media?parent=4716"}],"curies":[{"name":"wp","href":"https:\/\/api.w.org\/{rel}","templated":true}]}}