{"id":2815,"date":"2018-02-05T23:24:55","date_gmt":"2018-02-05T22:24:55","guid":{"rendered":"https:\/\/www.alfa.be\/points-de-vente\/"},"modified":"2023-06-01T04:01:04","modified_gmt":"2023-06-01T02:01:04","slug":"points-de-vente","status":"publish","type":"page","link":"https:\/\/www.alfa.be\/fr\/points-de-vente\/","title":{"rendered":"Points de vente"},"content":{"rendered":"<p>[vc_row css_animation=\u00a0\u00bb\u00a0\u00bb row_type=\u00a0\u00bbrow\u00a0\u00bb use_row_as_full_screen_section=\u00a0\u00bbno\u00a0\u00bb type=\u00a0\u00bbfull_width\u00a0\u00bb angled_section=\u00a0\u00bbno\u00a0\u00bb text_align=\u00a0\u00bbleft\u00a0\u00bb background_image_as_pattern=\u00a0\u00bbwithout_pattern\u00a0\u00bb][vc_column][vc_column_text]<\/p>\n<h2 style=\"text-align: center;\">POINTS DE VENTE<\/h2>\n<p style=\"text-align: center;\">Les compl\u00e9ments alimentaires d&rsquo;Alfa sont disponibles dans toutes les pharmacies. Pr\u00e9f\u00e9rez-vous visiter une pharmacie qui distribue activement Alfa et qui a les produits en stock? Alors, recherchez la pharmacie la plus proche dans votre r\u00e9gion via la fonction de recherche ci-dessous.<\/p>\n<p>&nbsp;<br \/>\n[\/vc_column_text][vc_empty_space][vc_column_text][wpsl][\/vc_column_text][\/vc_column][\/vc_row]<\/p>\n","protected":false},"excerpt":{"rendered":"<p>[vc_row css_animation=\u00a0\u00bb\u00a0\u00bb row_type=\u00a0\u00bbrow\u00a0\u00bb use_row_as_full_screen_section=\u00a0\u00bbno\u00a0\u00bb type=\u00a0\u00bbfull_width\u00a0\u00bb angled_section=\u00a0\u00bbno\u00a0\u00bb text_align=\u00a0\u00bbleft\u00a0\u00bb background_image_as_pattern=\u00a0\u00bbwithout_pattern\u00a0\u00bb][vc_column][vc_column_text] POINTS DE VENTE Les compl\u00e9ments alimentaires d&rsquo;Alfa sont disponibles dans toutes les pharmacies. Pr\u00e9f\u00e9rez-vous visiter une pharmacie qui distribue activement Alfa et qui a les produits en stock? Alors, recherchez la pharmacie la plus proche dans votre r\u00e9gion via la fonction de recherche ci-dessous. &nbsp; [\/vc_column_text][vc_empty_space][vc_column_text][wpsl][\/vc_column_text][\/vc_column][\/vc_row]<\/p>\n","protected":false},"author":177,"featured_media":0,"parent":0,"menu_order":0,"comment_status":"closed","ping_status":"closed","template":"","meta":{"_exactmetrics_skip_tracking":false,"_exactmetrics_sitenote_active":false,"_exactmetrics_sitenote_note":"","_exactmetrics_sitenote_category":0,"__cvm_playback_settings":[],"__cvm_video_id":"","footnotes":""},"class_list":["post-2815","page","type-page","status-publish","hentry"],"_links":{"self":[{"href":"https:\/\/www.alfa.be\/fr\/wp-json\/wp\/v2\/pages\/2815","targetHints":{"allow":["GET"]}}],"collection":[{"href":"https:\/\/www.alfa.be\/fr\/wp-json\/wp\/v2\/pages"}],"about":[{"href":"https:\/\/www.alfa.be\/fr\/wp-json\/wp\/v2\/types\/page"}],"author":[{"embeddable":true,"href":"https:\/\/www.alfa.be\/fr\/wp-json\/wp\/v2\/users\/177"}],"replies":[{"embeddable":true,"href":"https:\/\/www.alfa.be\/fr\/wp-json\/wp\/v2\/comments?post=2815"}],"version-history":[{"count":0,"href":"https:\/\/www.alfa.be\/fr\/wp-json\/wp\/v2\/pages\/2815\/revisions"}],"wp:attachment":[{"href":"https:\/\/www.alfa.be\/fr\/wp-json\/wp\/v2\/media?parent=2815"}],"curies":[{"name":"wp","href":"https:\/\/api.w.org\/{rel}","templated":true}]}}