{"id":19796,"date":"2024-02-27T22:20:05","date_gmt":"2024-02-27T21:20:05","guid":{"rendered":"https:\/\/www.alfa.be\/alpha-microbio-xiii\/"},"modified":"2025-12-09T12:04:16","modified_gmt":"2025-12-09T11:04:16","slug":"alpha-microbio-xiii","status":"publish","type":"page","link":"https:\/\/www.alfa.be\/fr\/alpha-microbio-xiii\/","title":{"rendered":"ALPHA MICROBIO XIII"},"content":{"rendered":"\t\t<div data-elementor-type=\"wp-page\" data-elementor-id=\"19796\" class=\"elementor elementor-19796 elementor-19767\" data-elementor-settings=\"{&quot;ha_cmc_init_switcher&quot;:&quot;no&quot;}\" data-elementor-post-type=\"page\">\n\t\t\t\t\t\t<section class=\"elementor-section elementor-top-section elementor-element elementor-element-7c0655ca elementor-section-boxed elementor-section-height-default elementor-section-height-default\" data-id=\"7c0655ca\" data-element_type=\"section\" data-e-type=\"section\" data-settings=\"{&quot;_ha_eqh_enable&quot;:false}\">\n\t\t\t\t\t\t<div class=\"elementor-container elementor-column-gap-default\">\n\t\t\t\t\t<div class=\"elementor-column elementor-col-100 elementor-top-column elementor-element elementor-element-15077b1e\" data-id=\"15077b1e\" data-element_type=\"column\" data-e-type=\"column\">\n\t\t\t<div class=\"elementor-widget-wrap elementor-element-populated\">\n\t\t\t\t\t\t<div class=\"elementor-element elementor-element-6cf902c5 elementor-widget elementor-widget-heading\" data-id=\"6cf902c5\" data-element_type=\"widget\" data-e-type=\"widget\" data-widget_type=\"heading.default\">\n\t\t\t\t<div class=\"elementor-widget-container\">\n\t\t\t\t\t<h2 class=\"elementor-heading-title elementor-size-default\">ALFA MICROBIO XIII<\/h2>\t\t\t\t<\/div>\n\t\t\t\t<\/div>\n\t\t\t\t\t<\/div>\n\t\t<\/div>\n\t\t\t\t\t<\/div>\n\t\t<\/section>\n\t\t\t\t<section class=\"elementor-section elementor-top-section elementor-element elementor-element-7099113e elementor-section-boxed elementor-section-height-default elementor-section-height-default\" data-id=\"7099113e\" data-element_type=\"section\" data-e-type=\"section\" data-settings=\"{&quot;_ha_eqh_enable&quot;:false}\">\n\t\t\t\t\t\t<div class=\"elementor-container elementor-column-gap-default\">\n\t\t\t\t\t<div class=\"elementor-column elementor-col-50 elementor-top-column elementor-element elementor-element-2b61353b\" data-id=\"2b61353b\" data-element_type=\"column\" data-e-type=\"column\">\n\t\t\t<div class=\"elementor-widget-wrap elementor-element-populated\">\n\t\t\t\t\t\t<div class=\"elementor-element elementor-element-150f6f62 elementor-widget elementor-widget-image\" data-id=\"150f6f62\" data-element_type=\"widget\" data-e-type=\"widget\" data-widget_type=\"image.default\">\n\t\t\t\t<div class=\"elementor-widget-container\">\n\t\t\t\t\t\t\t\t\t\t\t\t\t\t\t<img fetchpriority=\"high\" decoding=\"async\" width=\"500\" height=\"500\" src=\"https:\/\/www.alfa.be\/wp-content\/uploads\/2024\/02\/alfa-microbio-e1763627936425.png\" class=\"attachment-large size-large wp-image-19794\" alt=\"\" \/>\t\t\t\t\t\t\t\t\t\t\t\t\t\t\t<\/div>\n\t\t\t\t<\/div>\n\t\t\t\t\t<\/div>\n\t\t<\/div>\n\t\t\t\t<div class=\"elementor-column elementor-col-50 elementor-top-column elementor-element elementor-element-7b5a0f8f\" data-id=\"7b5a0f8f\" data-element_type=\"column\" data-e-type=\"column\">\n\t\t\t<div class=\"elementor-widget-wrap elementor-element-populated\">\n\t\t\t\t\t\t<div class=\"elementor-element elementor-element-7b2977d9 elementor-widget elementor-widget-text-editor\" data-id=\"7b2977d9\" data-element_type=\"widget\" data-e-type=\"widget\" data-widget_type=\"text-editor.default\">\n\t\t\t\t<div class=\"elementor-widget-container\">\n\t\t\t\t\t\t\t\t\t<p style=\"font-weight: 400;\">Probiotique \u00e0 large spectre<\/p>\n\t\t\t\t\t\t\t\t<\/div>\n\t\t\t\t<\/div>\n\t\t\t\t\t<\/div>\n\t\t<\/div>\n\t\t\t\t\t<\/div>\n\t\t<\/section>\n\t\t\t\t<section class=\"elementor-section elementor-top-section elementor-element elementor-element-2d6e47c8 elementor-section-boxed elementor-section-height-default elementor-section-height-default\" data-id=\"2d6e47c8\" data-element_type=\"section\" data-e-type=\"section\" data-settings=\"{&quot;_ha_eqh_enable&quot;:false}\">\n\t\t\t\t\t\t<div class=\"elementor-container elementor-column-gap-default\">\n\t\t\t\t\t<div class=\"elementor-column elementor-col-100 elementor-top-column elementor-element elementor-element-1789c4b1\" data-id=\"1789c4b1\" data-element_type=\"column\" data-e-type=\"column\">\n\t\t\t<div class=\"elementor-widget-wrap elementor-element-populated\">\n\t\t\t\t\t\t<div class=\"elementor-element elementor-element-62f9692d elementor-widget elementor-widget-text-editor\" data-id=\"62f9692d\" data-element_type=\"widget\" data-e-type=\"widget\" data-widget_type=\"text-editor.default\">\n\t\t\t\t<div class=\"elementor-widget-container\">\n\t\t\t\t\t\t\t\t\t<div class=\"vc_row wpb_row section vc_row-fluid vc_inner \">\n<div class=\" full_section_inner clearfix\">\n<div class=\"wpb_column vc_column_container vc_col-sm-8\">\n<div class=\"vc_column-inner\">\n<div class=\"wpb_wrapper\">\n<div class=\"wpb_text_column wpb_content_element \">\n<div class=\"wpb_wrapper\">\n<h3>POURQUOI CHOISIR ALFA MICROBIO XIII ?<\/h3>\n<\/div>\n<\/div>\n<\/div>\n<\/div>\n<\/div>\n<\/div>\n<\/div>\n<div class=\"vc_row wpb_row section vc_row-fluid vc_inner \">\n<div class=\" full_section_inner clearfix\">\n<div class=\"wpb_column vc_column_container vc_col-sm-8\">\n<div class=\"vc_column-inner\">\n<div class=\"wpb_wrapper\">\n<div class=\"wpb_single_image wpb_content_element vc_align_center\">\n<p>Alfa Microbio XIII est un probiotique fortement dos\u00e9 et \u00e0 tr\u00e8s large spectre, compos\u00e9 de <strong>13 souches et de 15 milliards de bact\u00e9ries<\/strong> par capsule.<\/p>\n<ul>\n<li>Prot\u00e8ge et renforce le syst\u00e8me digestif<\/li>\n<li>Favorise l&rsquo;immunit\u00e9<\/li>\n<li>Sant\u00e9 bucco-dentaire<\/li>\n<li>Sant\u00e9 des femmes<\/li>\n<li>En cas de diarrh\u00e9e<\/li>\n<li>Soutien neurologique<\/li>\n<li>Soutien cardiovasculaire<\/li>\n<\/ul>\n<\/div>\n<\/div>\n<\/div>\n<\/div>\n<\/div>\n<\/div>\t\t\t\t\t\t\t\t<\/div>\n\t\t\t\t<\/div>\n\t\t\t\t\t<\/div>\n\t\t<\/div>\n\t\t\t\t\t<\/div>\n\t\t<\/section>\n\t\t\t\t<section class=\"elementor-section elementor-top-section elementor-element elementor-element-4790398f elementor-section-boxed elementor-section-height-default elementor-section-height-default\" data-id=\"4790398f\" data-element_type=\"section\" data-e-type=\"section\" data-settings=\"{&quot;_ha_eqh_enable&quot;:false}\">\n\t\t\t\t\t\t<div class=\"elementor-container elementor-column-gap-default\">\n\t\t\t\t\t<div class=\"elementor-column elementor-col-100 elementor-top-column elementor-element elementor-element-557dc969\" data-id=\"557dc969\" data-element_type=\"column\" data-e-type=\"column\">\n\t\t\t<div class=\"elementor-widget-wrap elementor-element-populated\">\n\t\t\t\t\t\t<section class=\"elementor-section elementor-inner-section elementor-element elementor-element-626433d1 elementor-section-boxed elementor-section-height-default elementor-section-height-default\" data-id=\"626433d1\" data-element_type=\"section\" data-e-type=\"section\" data-settings=\"{&quot;_ha_eqh_enable&quot;:false}\">\n\t\t\t\t\t\t<div class=\"elementor-container elementor-column-gap-default\">\n\t\t\t\t\t<div class=\"elementor-column elementor-col-50 elementor-inner-column elementor-element elementor-element-37d66fc4\" data-id=\"37d66fc4\" data-element_type=\"column\" data-e-type=\"column\">\n\t\t\t<div class=\"elementor-widget-wrap elementor-element-populated\">\n\t\t\t\t\t\t<div class=\"elementor-element elementor-element-5869d8a elementor-widget elementor-widget-heading\" data-id=\"5869d8a\" data-element_type=\"widget\" data-e-type=\"widget\" data-widget_type=\"heading.default\">\n\t\t\t\t<div class=\"elementor-widget-container\">\n\t\t\t\t\t<h2 class=\"elementor-heading-title elementor-size-default\">Utilisation recommand\u00e9e<\/h2>\t\t\t\t<\/div>\n\t\t\t\t<\/div>\n\t\t\t\t<div class=\"elementor-element elementor-element-564a87b2 elementor-invisible elementor-widget elementor-widget-image\" data-id=\"564a87b2\" data-element_type=\"widget\" data-e-type=\"widget\" data-settings=\"{&quot;_animation&quot;:&quot;rotateIn&quot;}\" data-widget_type=\"image.default\">\n\t\t\t\t<div class=\"elementor-widget-container\">\n\t\t\t\t\t\t\t\t\t\t\t\t\t\t\t<img decoding=\"async\" width=\"150\" height=\"150\" src=\"https:\/\/www.alfa.be\/wp-content\/uploads\/2024\/05\/BOL-MEDI-digest-med-22-150x150.png\" class=\"attachment-thumbnail size-thumbnail wp-image-19834\" alt=\"\" srcset=\"https:\/\/www.alfa.be\/wp-content\/uploads\/2024\/05\/BOL-MEDI-digest-med-22-150x150.png 150w, https:\/\/www.alfa.be\/wp-content\/uploads\/2024\/05\/BOL-MEDI-digest-med-22-300x300.png 300w, https:\/\/www.alfa.be\/wp-content\/uploads\/2024\/05\/BOL-MEDI-digest-med-22.png 500w\" sizes=\"(max-width: 150px) 100vw, 150px\" \/>\t\t\t\t\t\t\t\t\t\t\t\t\t\t\t<\/div>\n\t\t\t\t<\/div>\n\t\t\t\t\t<\/div>\n\t\t<\/div>\n\t\t\t\t<div class=\"elementor-column elementor-col-50 elementor-inner-column elementor-element elementor-element-2653049f\" data-id=\"2653049f\" data-element_type=\"column\" data-e-type=\"column\">\n\t\t\t<div class=\"elementor-widget-wrap elementor-element-populated\">\n\t\t\t\t\t\t<div class=\"elementor-element elementor-element-67a75f6d elementor-widget elementor-widget-text-editor\" data-id=\"67a75f6d\" data-element_type=\"widget\" data-e-type=\"widget\" data-widget_type=\"text-editor.default\">\n\t\t\t\t<div class=\"elementor-widget-container\">\n\t\t\t\t\t\t\t\t\t<p><span style=\"color: var( --e-global-color-e519f20 );\">1 capsule v\u00e9g\u00e9tarienne par jour \u00e0 jeun.<\/span><\/p>\t\t\t\t\t\t\t\t<\/div>\n\t\t\t\t<\/div>\n\t\t\t\t\t<\/div>\n\t\t<\/div>\n\t\t\t\t\t<\/div>\n\t\t<\/section>\n\t\t\t\t<div class=\"elementor-element elementor-element-90b52d9 elementor-widget elementor-widget-text-editor\" data-id=\"90b52d9\" data-element_type=\"widget\" data-e-type=\"widget\" data-widget_type=\"text-editor.default\">\n\t\t\t\t<div class=\"elementor-widget-container\">\n\t\t\t\t\t\t\t\t\t<p><strong>Disponible avec les codes CNK suivants :<\/strong><\/p><p><strong>15 DRcaps \u2013 CNK 4941-225<br \/><\/strong><strong>30 DRcaps \u2013 CNK 4769-519<\/strong><\/p>\t\t\t\t\t\t\t\t<\/div>\n\t\t\t\t<\/div>\n\t\t\t\t\t<\/div>\n\t\t<\/div>\n\t\t\t\t\t<\/div>\n\t\t<\/section>\n\t\t\t\t<section class=\"elementor-section elementor-top-section elementor-element elementor-element-78e3449 elementor-section-boxed elementor-section-height-default elementor-section-height-default\" data-id=\"78e3449\" data-element_type=\"section\" data-e-type=\"section\" data-settings=\"{&quot;_ha_eqh_enable&quot;:false}\">\n\t\t\t\t\t\t<div class=\"elementor-container elementor-column-gap-default\">\n\t\t\t\t\t<div class=\"elementor-column elementor-col-12 elementor-top-column elementor-element elementor-element-74e0464\" data-id=\"74e0464\" data-element_type=\"column\" data-e-type=\"column\">\n\t\t\t<div class=\"elementor-widget-wrap\">\n\t\t\t\t\t\t\t<\/div>\n\t\t<\/div>\n\t\t\t\t<div class=\"elementor-column elementor-col-12 elementor-top-column elementor-element elementor-element-b3c409e\" data-id=\"b3c409e\" data-element_type=\"column\" data-e-type=\"column\">\n\t\t\t<div class=\"elementor-widget-wrap elementor-element-populated\">\n\t\t\t\t\t\t<div class=\"elementor-element elementor-element-a55ca84 elementor-widget elementor-widget-image\" data-id=\"a55ca84\" data-element_type=\"widget\" data-e-type=\"widget\" data-widget_type=\"image.default\">\n\t\t\t\t<div class=\"elementor-widget-container\">\n\t\t\t\t\t\t\t\t\t\t\t\t\t\t\t<img decoding=\"async\" width=\"241\" height=\"227\" src=\"https:\/\/www.alfa.be\/wp-content\/uploads\/2025\/11\/Ontwerp-zonder-titel-2025-11-19T103345.586-e1763546268784-1-1-1-1-1.png\" class=\"attachment-large size-large wp-image-20610\" alt=\"\" \/>\t\t\t\t\t\t\t\t\t\t\t\t\t\t\t<\/div>\n\t\t\t\t<\/div>\n\t\t\t\t\t<\/div>\n\t\t<\/div>\n\t\t\t\t<div class=\"elementor-column elementor-col-12 elementor-top-column elementor-element elementor-element-e21b43e\" data-id=\"e21b43e\" data-element_type=\"column\" data-e-type=\"column\">\n\t\t\t<div class=\"elementor-widget-wrap elementor-element-populated\">\n\t\t\t\t\t\t<div class=\"elementor-element elementor-element-118daca elementor-widget elementor-widget-image\" data-id=\"118daca\" data-element_type=\"widget\" data-e-type=\"widget\" data-widget_type=\"image.default\">\n\t\t\t\t<div class=\"elementor-widget-container\">\n\t\t\t\t\t\t\t\t\t\t\t\t\t\t\t<img loading=\"lazy\" decoding=\"async\" width=\"226\" height=\"220\" src=\"https:\/\/www.alfa.be\/wp-content\/uploads\/2025\/11\/Ontwerp-zonder-titel-2025-11-19T093725.768-1-1-e1763546354137-1-1-1-1-1-1-1-1.png\" class=\"attachment-large size-large wp-image-20613\" alt=\"\" \/>\t\t\t\t\t\t\t\t\t\t\t\t\t\t\t<\/div>\n\t\t\t\t<\/div>\n\t\t\t\t\t<\/div>\n\t\t<\/div>\n\t\t\t\t<div class=\"elementor-column elementor-col-12 elementor-top-column elementor-element elementor-element-d18a0c4\" data-id=\"d18a0c4\" data-element_type=\"column\" data-e-type=\"column\">\n\t\t\t<div class=\"elementor-widget-wrap elementor-element-populated\">\n\t\t\t\t\t\t<div class=\"elementor-element elementor-element-84b0488 elementor-widget elementor-widget-image\" data-id=\"84b0488\" data-element_type=\"widget\" data-e-type=\"widget\" data-widget_type=\"image.default\">\n\t\t\t\t<div class=\"elementor-widget-container\">\n\t\t\t\t\t\t\t\t\t\t\t\t\t\t\t<img loading=\"lazy\" decoding=\"async\" width=\"245\" height=\"217\" src=\"https:\/\/www.alfa.be\/wp-content\/uploads\/2025\/11\/Ontwerp-zonder-titel-2025-11-19T093759.224-1-e1763546389211-1-1-1-1-1-1-1-1.png\" class=\"attachment-large size-large wp-image-20616\" alt=\"\" \/>\t\t\t\t\t\t\t\t\t\t\t\t\t\t\t<\/div>\n\t\t\t\t<\/div>\n\t\t\t\t\t<\/div>\n\t\t<\/div>\n\t\t\t\t<div class=\"elementor-column elementor-col-12 elementor-top-column elementor-element elementor-element-80cae9a\" data-id=\"80cae9a\" data-element_type=\"column\" data-e-type=\"column\">\n\t\t\t<div class=\"elementor-widget-wrap elementor-element-populated\">\n\t\t\t\t\t\t<div class=\"elementor-element elementor-element-3a637e7 elementor-widget elementor-widget-image\" data-id=\"3a637e7\" data-element_type=\"widget\" data-e-type=\"widget\" data-widget_type=\"image.default\">\n\t\t\t\t<div class=\"elementor-widget-container\">\n\t\t\t\t\t\t\t\t\t\t\t\t\t\t\t<img loading=\"lazy\" decoding=\"async\" width=\"252\" height=\"250\" src=\"https:\/\/www.alfa.be\/wp-content\/uploads\/2025\/11\/Ontwerp-zonder-titel-2025-11-19T093353.978-e1763546612398-1-1-1-1-1-1.png\" class=\"attachment-large size-large wp-image-20619\" alt=\"\" srcset=\"https:\/\/www.alfa.be\/wp-content\/uploads\/2025\/11\/Ontwerp-zonder-titel-2025-11-19T093353.978-e1763546612398-1-1-1-1-1-1.png 252w, https:\/\/www.alfa.be\/wp-content\/uploads\/2025\/11\/Ontwerp-zonder-titel-2025-11-19T093353.978-e1763546612398-1-1-1-1-1-1-150x150.png 150w\" sizes=\"(max-width: 252px) 100vw, 252px\" \/>\t\t\t\t\t\t\t\t\t\t\t\t\t\t\t<\/div>\n\t\t\t\t<\/div>\n\t\t\t\t\t<\/div>\n\t\t<\/div>\n\t\t\t\t<div class=\"elementor-column elementor-col-12 elementor-top-column elementor-element elementor-element-e2e19cb\" data-id=\"e2e19cb\" data-element_type=\"column\" data-e-type=\"column\">\n\t\t\t<div class=\"elementor-widget-wrap elementor-element-populated\">\n\t\t\t\t\t\t<div class=\"elementor-element elementor-element-5dd05b0 elementor-widget elementor-widget-image\" data-id=\"5dd05b0\" data-element_type=\"widget\" data-e-type=\"widget\" data-widget_type=\"image.default\">\n\t\t\t\t<div class=\"elementor-widget-container\">\n\t\t\t\t\t\t\t\t\t\t\t\t\t\t\t<img loading=\"lazy\" decoding=\"async\" width=\"250\" height=\"250\" src=\"https:\/\/www.alfa.be\/wp-content\/uploads\/2025\/11\/Ontwerp-zonder-titel-2025-11-19T093236.882-1-e1763570707622-1.png\" class=\"attachment-large size-large wp-image-20622\" alt=\"\" srcset=\"https:\/\/www.alfa.be\/wp-content\/uploads\/2025\/11\/Ontwerp-zonder-titel-2025-11-19T093236.882-1-e1763570707622-1.png 250w, https:\/\/www.alfa.be\/wp-content\/uploads\/2025\/11\/Ontwerp-zonder-titel-2025-11-19T093236.882-1-e1763570707622-1-150x150.png 150w\" sizes=\"(max-width: 250px) 100vw, 250px\" \/>\t\t\t\t\t\t\t\t\t\t\t\t\t\t\t<\/div>\n\t\t\t\t<\/div>\n\t\t\t\t\t<\/div>\n\t\t<\/div>\n\t\t\t\t<div class=\"elementor-column elementor-col-12 elementor-top-column elementor-element elementor-element-659f1db\" data-id=\"659f1db\" data-element_type=\"column\" data-e-type=\"column\">\n\t\t\t<div class=\"elementor-widget-wrap elementor-element-populated\">\n\t\t\t\t\t\t<div class=\"elementor-element elementor-element-34a08a7 elementor-widget elementor-widget-image\" data-id=\"34a08a7\" data-element_type=\"widget\" data-e-type=\"widget\" data-widget_type=\"image.default\">\n\t\t\t\t<div class=\"elementor-widget-container\">\n\t\t\t\t\t\t\t\t\t\t\t\t\t\t\t<img loading=\"lazy\" decoding=\"async\" width=\"178\" height=\"156\" src=\"https:\/\/www.alfa.be\/wp-content\/uploads\/2025\/11\/Ontwerp-zonder-titel-2025-11-19T093903.429-e1763546470696-1-1-1.png\" class=\"attachment-large size-large wp-image-20607\" alt=\"\" \/>\t\t\t\t\t\t\t\t\t\t\t\t\t\t\t<\/div>\n\t\t\t\t<\/div>\n\t\t\t\t\t<\/div>\n\t\t<\/div>\n\t\t\t\t<div class=\"elementor-column elementor-col-12 elementor-top-column elementor-element elementor-element-e11a803\" data-id=\"e11a803\" data-element_type=\"column\" data-e-type=\"column\">\n\t\t\t<div class=\"elementor-widget-wrap\">\n\t\t\t\t\t\t\t<\/div>\n\t\t<\/div>\n\t\t\t\t\t<\/div>\n\t\t<\/section>\n\t\t\t\t<section class=\"elementor-section elementor-top-section elementor-element elementor-element-7de4e98b elementor-section-boxed elementor-section-height-default elementor-section-height-default\" data-id=\"7de4e98b\" data-element_type=\"section\" data-e-type=\"section\" data-settings=\"{&quot;_ha_eqh_enable&quot;:false}\">\n\t\t\t\t\t\t<div class=\"elementor-container elementor-column-gap-default\">\n\t\t\t\t\t<div class=\"elementor-column elementor-col-100 elementor-top-column elementor-element elementor-element-4e3ada51\" data-id=\"4e3ada51\" data-element_type=\"column\" data-e-type=\"column\">\n\t\t\t<div class=\"elementor-widget-wrap elementor-element-populated\">\n\t\t\t\t\t\t<div class=\"elementor-element elementor-element-3c6fbc7e elementor-widget elementor-widget-image\" data-id=\"3c6fbc7e\" data-element_type=\"widget\" data-e-type=\"widget\" data-widget_type=\"image.default\">\n\t\t\t\t<div class=\"elementor-widget-container\">\n\t\t\t\t\t\t\t\t\t\t\t\t\t\t\t<img loading=\"lazy\" decoding=\"async\" width=\"800\" height=\"288\" src=\"https:\/\/www.alfa.be\/wp-content\/uploads\/2024\/05\/FR-1024x368.png\" class=\"attachment-large size-large wp-image-19828\" alt=\"\" srcset=\"https:\/\/www.alfa.be\/wp-content\/uploads\/2024\/05\/FR-1024x368.png 1024w, https:\/\/www.alfa.be\/wp-content\/uploads\/2024\/05\/FR-300x108.png 300w, https:\/\/www.alfa.be\/wp-content\/uploads\/2024\/05\/FR-768x276.png 768w, https:\/\/www.alfa.be\/wp-content\/uploads\/2024\/05\/FR-1170x423.png 1170w, https:\/\/www.alfa.be\/wp-content\/uploads\/2024\/05\/FR.png 1176w\" sizes=\"(max-width: 800px) 100vw, 800px\" \/>\t\t\t\t\t\t\t\t\t\t\t\t\t\t\t<\/div>\n\t\t\t\t<\/div>\n\t\t\t\t\t<\/div>\n\t\t<\/div>\n\t\t\t\t\t<\/div>\n\t\t<\/section>\n\t\t\t\t<section class=\"elementor-section elementor-top-section elementor-element elementor-element-267a4929 elementor-section-boxed elementor-section-height-default elementor-section-height-default\" data-id=\"267a4929\" data-element_type=\"section\" data-e-type=\"section\" data-settings=\"{&quot;background_background&quot;:&quot;classic&quot;,&quot;_ha_eqh_enable&quot;:false}\">\n\t\t\t\t\t\t<div class=\"elementor-container elementor-column-gap-default\">\n\t\t\t\t\t<div class=\"elementor-column elementor-col-100 elementor-top-column elementor-element elementor-element-568b9d74\" data-id=\"568b9d74\" data-element_type=\"column\" data-e-type=\"column\">\n\t\t\t<div class=\"elementor-widget-wrap elementor-element-populated\">\n\t\t\t\t\t\t<div class=\"elementor-element elementor-element-2e0058a7 elementor-widget elementor-widget-text-editor\" data-id=\"2e0058a7\" data-element_type=\"widget\" data-e-type=\"widget\" data-widget_type=\"text-editor.default\">\n\t\t\t\t<div class=\"elementor-widget-container\">\n\t\t\t\t\t\t\t\t\t<h1><span style=\"color: #ffffff;\">MODE DE VIE<\/span><\/h1><p>Que pouvez-vous faire vous-m\u00eame ?<\/p>\t\t\t\t\t\t\t\t<\/div>\n\t\t\t\t<\/div>\n\t\t\t\t\t<\/div>\n\t\t<\/div>\n\t\t\t\t\t<\/div>\n\t\t<\/section>\n\t\t\t\t<section class=\"elementor-section elementor-top-section elementor-element elementor-element-421c2a08 elementor-section-content-middle elementor-section-boxed elementor-section-height-default elementor-section-height-default\" data-id=\"421c2a08\" data-element_type=\"section\" data-e-type=\"section\" data-settings=\"{&quot;_ha_eqh_enable&quot;:false}\">\n\t\t\t\t\t\t<div class=\"elementor-container elementor-column-gap-no\">\n\t\t\t\t\t<div class=\"elementor-column elementor-col-100 elementor-top-column elementor-element elementor-element-38db3d71\" data-id=\"38db3d71\" data-element_type=\"column\" data-e-type=\"column\">\n\t\t\t<div class=\"elementor-widget-wrap elementor-element-populated\">\n\t\t\t\t\t\t<div class=\"elementor-element elementor-element-7c83fc8 elementor-widget elementor-widget-text-editor\" data-id=\"7c83fc8\" data-element_type=\"widget\" data-e-type=\"widget\" data-widget_type=\"text-editor.default\">\n\t\t\t\t<div class=\"elementor-widget-container\">\n\t\t\t\t\t\t\t\t\t<p>Les probiotiques sont des bact\u00e9ries vivantes qui restaurent votre flore intestinale. Les bact\u00e9ries moins saines ne survivront donc pas et vous retrouverez un bon \u00e9quilibre, ce qui est bon pour votre sant\u00e9 g\u00e9n\u00e9rale. Parce que des intestins sains sont importants pour de nombreux processus de votre corps.<\/p><p>\u00a0<\/p><p>Les probiotiques se trouvent dans de nombreux aliments:<\/p><ul><li>l\u00e9gumes ferment\u00e9s, comme la choucroute, les cornichons et le kimchi<\/li><li>produits laitiers, comme le fromage, le yaourt et le k\u00e9fir<\/li><li>le pain au levain<\/li><\/ul><p>\u00a0<\/p><p>S&rsquo;il y a un d\u00e9s\u00e9quilibre dans les intestins, par exemple suite \u00e0 la prise d&rsquo;antibiotiques, il est n\u00e9cessaire d&rsquo; administrer davantage de bonnes bact\u00e9ries, ce qui peut se faire au moyen d&rsquo;un compl\u00e9ment alimentaire contenant une dose \u00e9lev\u00e9e et un bon m\u00e9lange de probiotiques.<\/p>\t\t\t\t\t\t\t\t<\/div>\n\t\t\t\t<\/div>\n\t\t\t\t\t<\/div>\n\t\t<\/div>\n\t\t\t\t\t<\/div>\n\t\t<\/section>\n\t\t\t\t<section class=\"elementor-section elementor-top-section elementor-element elementor-element-edd3ff2 elementor-section-boxed elementor-section-height-default elementor-section-height-default\" data-id=\"edd3ff2\" data-element_type=\"section\" data-e-type=\"section\" data-settings=\"{&quot;_ha_eqh_enable&quot;:false}\">\n\t\t\t\t\t\t<div class=\"elementor-container elementor-column-gap-default\">\n\t\t\t\t\t<div class=\"elementor-column elementor-col-100 elementor-top-column elementor-element elementor-element-7934c1ca\" data-id=\"7934c1ca\" data-element_type=\"column\" data-e-type=\"column\">\n\t\t\t<div class=\"elementor-widget-wrap elementor-element-populated\">\n\t\t\t\t\t\t<div class=\"elementor-element elementor-element-45137f80 elementor-widget elementor-widget-heading\" data-id=\"45137f80\" data-element_type=\"widget\" data-e-type=\"widget\" data-widget_type=\"heading.default\">\n\t\t\t\t<div class=\"elementor-widget-container\">\n\t\t\t\t\t<h2 class=\"elementor-heading-title elementor-size-default\">Demandez-le \u00e0 votre pharmacie<\/h2>\t\t\t\t<\/div>\n\t\t\t\t<\/div>\n\t\t\t\t\t<\/div>\n\t\t<\/div>\n\t\t\t\t\t<\/div>\n\t\t<\/section>\n\t\t\t\t<section class=\"elementor-section elementor-top-section elementor-element elementor-element-65ac9902 elementor-section-boxed elementor-section-height-default elementor-section-height-default\" data-id=\"65ac9902\" data-element_type=\"section\" data-e-type=\"section\" data-settings=\"{&quot;_ha_eqh_enable&quot;:false}\">\n\t\t\t\t\t\t<div class=\"elementor-container elementor-column-gap-default\">\n\t\t\t\t\t<div class=\"elementor-column elementor-col-100 elementor-top-column elementor-element elementor-element-6abecc8\" data-id=\"6abecc8\" data-element_type=\"column\" data-e-type=\"column\">\n\t\t\t<div class=\"elementor-widget-wrap elementor-element-populated\">\n\t\t\t\t\t\t<div class=\"elementor-element elementor-element-1b716cf7 elementor-align-center elementor-widget elementor-widget-button\" data-id=\"1b716cf7\" data-element_type=\"widget\" data-e-type=\"widget\" data-widget_type=\"button.default\">\n\t\t\t\t<div class=\"elementor-widget-container\">\n\t\t\t\t\t\t\t\t\t<div class=\"elementor-button-wrapper\">\n\t\t\t\t\t<a class=\"elementor-button elementor-button-link elementor-size-sm\" href=\"https:\/\/www.alfa.be\/fr\/produits-nouveau\/\">\n\t\t\t\t\t\t<span class=\"elementor-button-content-wrapper\">\n\t\t\t\t\t\t\t\t\t<span class=\"elementor-button-text\">D\u00c9COUVREZ AUSSI NOS AUTRES PRODUITS<\/span>\n\t\t\t\t\t<\/span>\n\t\t\t\t\t<\/a>\n\t\t\t\t<\/div>\n\t\t\t\t\t\t\t\t<\/div>\n\t\t\t\t<\/div>\n\t\t\t\t\t<\/div>\n\t\t<\/div>\n\t\t\t\t\t<\/div>\n\t\t<\/section>\n\t\t\t\t<\/div>\n\t\t","protected":false},"excerpt":{"rendered":"<p>ALFA MICROBIO XIII Probiotique \u00e0 large spectre POURQUOI CHOISIR ALFA MICROBIO XIII ? Alfa Microbio XIII est un probiotique fortement dos\u00e9 et \u00e0 tr\u00e8s large spectre, compos\u00e9 de 13 souches et de 15 milliards de bact\u00e9ries par capsule. Prot\u00e8ge et renforce le syst\u00e8me digestif Favorise l&rsquo;immunit\u00e9 Sant\u00e9 bucco-dentaire Sant\u00e9 des femmes En cas de diarrh\u00e9e [&hellip;]<\/p>\n","protected":false},"author":1605,"featured_media":0,"parent":0,"menu_order":0,"comment_status":"closed","ping_status":"closed","template":"","meta":{"_exactmetrics_skip_tracking":false,"_exactmetrics_sitenote_active":false,"_exactmetrics_sitenote_note":"","_exactmetrics_sitenote_category":0,"__cvm_playback_settings":[],"__cvm_video_id":"","footnotes":""},"class_list":["post-19796","page","type-page","status-publish","hentry"],"_links":{"self":[{"href":"https:\/\/www.alfa.be\/fr\/wp-json\/wp\/v2\/pages\/19796","targetHints":{"allow":["GET"]}}],"collection":[{"href":"https:\/\/www.alfa.be\/fr\/wp-json\/wp\/v2\/pages"}],"about":[{"href":"https:\/\/www.alfa.be\/fr\/wp-json\/wp\/v2\/types\/page"}],"author":[{"embeddable":true,"href":"https:\/\/www.alfa.be\/fr\/wp-json\/wp\/v2\/users\/1605"}],"replies":[{"embeddable":true,"href":"https:\/\/www.alfa.be\/fr\/wp-json\/wp\/v2\/comments?post=19796"}],"version-history":[{"count":0,"href":"https:\/\/www.alfa.be\/fr\/wp-json\/wp\/v2\/pages\/19796\/revisions"}],"wp:attachment":[{"href":"https:\/\/www.alfa.be\/fr\/wp-json\/wp\/v2\/media?parent=19796"}],"curies":[{"name":"wp","href":"https:\/\/api.w.org\/{rel}","templated":true}]}}