{"id":18502,"date":"2023-05-31T19:23:58","date_gmt":"2023-05-31T17:23:58","guid":{"rendered":"https:\/\/www.alfa.be\/alfa-tri-c-acerola\/"},"modified":"2025-12-09T12:20:29","modified_gmt":"2025-12-09T11:20:29","slug":"alfa-tri-c-acerola","status":"publish","type":"page","link":"https:\/\/www.alfa.be\/fr\/alfa-tri-c-acerola\/","title":{"rendered":"ALFA TRI-C AC\u00c9ROLA"},"content":{"rendered":"\t\t<div data-elementor-type=\"wp-page\" data-elementor-id=\"18502\" class=\"elementor elementor-18502 elementor-1687\" data-elementor-settings=\"{&quot;ha_cmc_init_switcher&quot;:&quot;no&quot;}\" data-elementor-post-type=\"page\">\n\t\t\t\t\t\t<section class=\"elementor-section elementor-top-section elementor-element elementor-element-4ceac47f elementor-section-boxed elementor-section-height-default elementor-section-height-default\" data-id=\"4ceac47f\" data-element_type=\"section\" data-e-type=\"section\" data-settings=\"{&quot;_ha_eqh_enable&quot;:false}\">\n\t\t\t\t\t\t<div class=\"elementor-container elementor-column-gap-default\">\n\t\t\t\t\t<div class=\"elementor-column elementor-col-100 elementor-top-column elementor-element elementor-element-4db92c76\" data-id=\"4db92c76\" data-element_type=\"column\" data-e-type=\"column\">\n\t\t\t<div class=\"elementor-widget-wrap elementor-element-populated\">\n\t\t\t\t\t\t<div class=\"elementor-element elementor-element-4a457535 elementor-widget elementor-widget-heading\" data-id=\"4a457535\" data-element_type=\"widget\" data-e-type=\"widget\" data-widget_type=\"heading.default\">\n\t\t\t\t<div class=\"elementor-widget-container\">\n\t\t\t\t\t<h2 class=\"elementor-heading-title elementor-size-default\">ALFA TRI-C ACEROLA<\/h2>\t\t\t\t<\/div>\n\t\t\t\t<\/div>\n\t\t\t\t\t<\/div>\n\t\t<\/div>\n\t\t\t\t\t<\/div>\n\t\t<\/section>\n\t\t\t\t<section class=\"elementor-section elementor-top-section elementor-element elementor-element-3bf21623 elementor-section-boxed elementor-section-height-default elementor-section-height-default\" data-id=\"3bf21623\" data-element_type=\"section\" data-e-type=\"section\" data-settings=\"{&quot;_ha_eqh_enable&quot;:false}\">\n\t\t\t\t\t\t<div class=\"elementor-container elementor-column-gap-default\">\n\t\t\t\t\t<div class=\"elementor-column elementor-col-50 elementor-top-column elementor-element elementor-element-2bf73493\" data-id=\"2bf73493\" data-element_type=\"column\" data-e-type=\"column\">\n\t\t\t<div class=\"elementor-widget-wrap elementor-element-populated\">\n\t\t\t\t\t\t<div class=\"elementor-element elementor-element-26d15bd0 elementor-widget elementor-widget-image\" data-id=\"26d15bd0\" data-element_type=\"widget\" data-e-type=\"widget\" data-widget_type=\"image.default\">\n\t\t\t\t<div class=\"elementor-widget-container\">\n\t\t\t\t\t\t\t\t\t\t\t\t\t\t\t<img decoding=\"async\" src=\"https:\/\/www.alfa.be\/wp-content\/uploads\/2023\/02\/magnesium-vit-b6-606-x-378-px-5.png\" title=\"\" alt=\"\" loading=\"lazy\" \/>\t\t\t\t\t\t\t\t\t\t\t\t\t\t\t<\/div>\n\t\t\t\t<\/div>\n\t\t\t\t\t<\/div>\n\t\t<\/div>\n\t\t\t\t<div class=\"elementor-column elementor-col-50 elementor-top-column elementor-element elementor-element-6147a78c\" data-id=\"6147a78c\" data-element_type=\"column\" data-e-type=\"column\">\n\t\t\t<div class=\"elementor-widget-wrap elementor-element-populated\">\n\t\t\t\t\t\t<div class=\"elementor-element elementor-element-19340cd9 elementor-widget elementor-widget-text-editor\" data-id=\"19340cd9\" data-element_type=\"widget\" data-e-type=\"widget\" data-widget_type=\"text-editor.default\">\n\t\t\t\t<div class=\"elementor-widget-container\">\n\t\t\t\t\t\t\t\t\t<p>Pour un bon soutien du syst\u00e8me immunitaire et contre la fatigue<\/p>\t\t\t\t\t\t\t\t<\/div>\n\t\t\t\t<\/div>\n\t\t\t\t\t<\/div>\n\t\t<\/div>\n\t\t\t\t\t<\/div>\n\t\t<\/section>\n\t\t\t\t<section class=\"elementor-section elementor-top-section elementor-element elementor-element-45faf4d3 elementor-section-boxed elementor-section-height-default elementor-section-height-default\" data-id=\"45faf4d3\" data-element_type=\"section\" data-e-type=\"section\" data-settings=\"{&quot;_ha_eqh_enable&quot;:false}\">\n\t\t\t\t\t\t<div class=\"elementor-container elementor-column-gap-default\">\n\t\t\t\t\t<div class=\"elementor-column elementor-col-100 elementor-top-column elementor-element elementor-element-2913cb9e\" data-id=\"2913cb9e\" data-element_type=\"column\" data-e-type=\"column\">\n\t\t\t<div class=\"elementor-widget-wrap elementor-element-populated\">\n\t\t\t\t\t\t<div class=\"elementor-element elementor-element-6245bb54 elementor-widget elementor-widget-text-editor\" data-id=\"6245bb54\" data-element_type=\"widget\" data-e-type=\"widget\" data-widget_type=\"text-editor.default\">\n\t\t\t\t<div class=\"elementor-widget-container\">\n\t\t\t\t\t\t\t\t\t<h3>POURQUOI CHOISIR ALFA TRI-C ACEROLA<\/h3><p>La vitamine C est une vitamine polyvalente avec un large \u00e9ventail de fonctions dans notre corps. Il contribue \u00e0:<\/p><ul><li>le fonctionnement normal du syst\u00e8me immunitaire<\/li><li>la reduction de la fatigue et l&rsquo;\u00e9puisement<\/li><li>la formation normale de collag\u00e8ne pour le fonctionnement normal des vaisseaux sanguins, des os, du cartilage, de la peau et des dents<\/li><li>la protection des cellules contre le stress oxydatif<\/li><li>le fonctionnement normal du syst\u00e8me nerveux et fonction psychologique normale<\/li><\/ul><p>\u00a0<\/p><p>La vitamine E contribue \u00e0 la protection des cellules contre le stress oxydatif.<\/p>\t\t\t\t\t\t\t\t<\/div>\n\t\t\t\t<\/div>\n\t\t\t\t\t<\/div>\n\t\t<\/div>\n\t\t\t\t\t<\/div>\n\t\t<\/section>\n\t\t\t\t<section class=\"elementor-section elementor-top-section elementor-element elementor-element-2fc29412 elementor-section-boxed elementor-section-height-default elementor-section-height-default\" data-id=\"2fc29412\" data-element_type=\"section\" data-e-type=\"section\" data-settings=\"{&quot;_ha_eqh_enable&quot;:false}\">\n\t\t\t\t\t\t<div class=\"elementor-container elementor-column-gap-default\">\n\t\t\t\t\t<div class=\"elementor-column elementor-col-100 elementor-top-column elementor-element elementor-element-37fa5e89\" data-id=\"37fa5e89\" data-element_type=\"column\" data-e-type=\"column\">\n\t\t\t<div class=\"elementor-widget-wrap elementor-element-populated\">\n\t\t\t\t\t\t<section class=\"elementor-section elementor-inner-section elementor-element elementor-element-76b78fa8 elementor-section-boxed elementor-section-height-default elementor-section-height-default\" data-id=\"76b78fa8\" data-element_type=\"section\" data-e-type=\"section\" data-settings=\"{&quot;_ha_eqh_enable&quot;:false}\">\n\t\t\t\t\t\t<div class=\"elementor-container elementor-column-gap-default\">\n\t\t\t\t\t<div class=\"elementor-column elementor-col-50 elementor-inner-column elementor-element elementor-element-324c2f35\" data-id=\"324c2f35\" data-element_type=\"column\" data-e-type=\"column\">\n\t\t\t<div class=\"elementor-widget-wrap elementor-element-populated\">\n\t\t\t\t\t\t<div class=\"elementor-element elementor-element-4f68c9d4 elementor-widget elementor-widget-heading\" data-id=\"4f68c9d4\" data-element_type=\"widget\" data-e-type=\"widget\" data-widget_type=\"heading.default\">\n\t\t\t\t<div class=\"elementor-widget-container\">\n\t\t\t\t\t<h2 class=\"elementor-heading-title elementor-size-default\">utilisation recommand\u00e9e<\/h2>\t\t\t\t<\/div>\n\t\t\t\t<\/div>\n\t\t\t\t<div class=\"elementor-element elementor-element-5007998c elementor-invisible elementor-widget elementor-widget-image\" data-id=\"5007998c\" data-element_type=\"widget\" data-e-type=\"widget\" data-settings=\"{&quot;_animation&quot;:&quot;rotateIn&quot;}\" data-widget_type=\"image.default\">\n\t\t\t\t<div class=\"elementor-widget-container\">\n\t\t\t\t\t\t\t\t\t\t\t\t\t\t\t<img decoding=\"async\" src=\"https:\/\/www.alfa.be\/wp-content\/uploads\/2023\/02\/Icoon-vit-c-tabletten.png\" title=\"\" alt=\"\" loading=\"lazy\" \/>\t\t\t\t\t\t\t\t\t\t\t\t\t\t\t<\/div>\n\t\t\t\t<\/div>\n\t\t\t\t\t<\/div>\n\t\t<\/div>\n\t\t\t\t<div class=\"elementor-column elementor-col-50 elementor-inner-column elementor-element elementor-element-2237468c\" data-id=\"2237468c\" data-element_type=\"column\" data-e-type=\"column\">\n\t\t\t<div class=\"elementor-widget-wrap elementor-element-populated\">\n\t\t\t\t\t\t<div class=\"elementor-element elementor-element-2a375eb1 elementor-widget elementor-widget-text-editor\" data-id=\"2a375eb1\" data-element_type=\"widget\" data-e-type=\"widget\" data-widget_type=\"text-editor.default\">\n\t\t\t\t<div class=\"elementor-widget-container\">\n\t\t\t\t\t\t\t\t\t<p>1 comprim\u00e9 par jour, \u00e0 prendre avec un repas.<\/p><p>Dose d&rsquo; entretien : 1 comprim\u00e9 par jour, \u00e0 prendre le matin.<\/p>\t\t\t\t\t\t\t\t<\/div>\n\t\t\t\t<\/div>\n\t\t\t\t\t<\/div>\n\t\t<\/div>\n\t\t\t\t\t<\/div>\n\t\t<\/section>\n\t\t\t\t\t<\/div>\n\t\t<\/div>\n\t\t\t\t\t<\/div>\n\t\t<\/section>\n\t\t\t\t<section class=\"elementor-section elementor-top-section elementor-element elementor-element-3ef50176 elementor-section-boxed elementor-section-height-default elementor-section-height-default\" data-id=\"3ef50176\" data-element_type=\"section\" data-e-type=\"section\" data-settings=\"{&quot;_ha_eqh_enable&quot;:false}\">\n\t\t\t\t\t\t<div class=\"elementor-container elementor-column-gap-default\">\n\t\t\t\t\t<div class=\"elementor-column elementor-col-100 elementor-top-column elementor-element elementor-element-bd303dd\" data-id=\"bd303dd\" data-element_type=\"column\" data-e-type=\"column\">\n\t\t\t<div class=\"elementor-widget-wrap elementor-element-populated\">\n\t\t\t\t\t\t<section class=\"elementor-section elementor-inner-section elementor-element elementor-element-30a676ad elementor-section-boxed elementor-section-height-default elementor-section-height-default\" data-id=\"30a676ad\" data-element_type=\"section\" data-e-type=\"section\" data-settings=\"{&quot;_ha_eqh_enable&quot;:false}\">\n\t\t\t\t\t\t<div class=\"elementor-container elementor-column-gap-default\">\n\t\t\t\t\t<div class=\"elementor-column elementor-col-50 elementor-inner-column elementor-element elementor-element-765b4bb1\" data-id=\"765b4bb1\" data-element_type=\"column\" data-e-type=\"column\">\n\t\t\t<div class=\"elementor-widget-wrap elementor-element-populated\">\n\t\t\t\t\t\t<div class=\"elementor-element elementor-element-5309390a elementor-invisible elementor-widget elementor-widget-image\" data-id=\"5309390a\" data-element_type=\"widget\" data-e-type=\"widget\" data-settings=\"{&quot;_animation&quot;:&quot;swing&quot;}\" data-widget_type=\"image.default\">\n\t\t\t\t<div class=\"elementor-widget-container\">\n\t\t\t\t\t\t\t\t\t\t\t\t\t\t\t<img fetchpriority=\"high\" decoding=\"async\" width=\"300\" height=\"300\" src=\"https:\/\/www.alfa.be\/wp-content\/uploads\/2023\/10\/conseil-9-300x300.png\" class=\"attachment-medium size-medium wp-image-19623\" alt=\"\" srcset=\"https:\/\/www.alfa.be\/wp-content\/uploads\/2023\/10\/conseil-9-300x300.png 300w, https:\/\/www.alfa.be\/wp-content\/uploads\/2023\/10\/conseil-9-150x150.png 150w, https:\/\/www.alfa.be\/wp-content\/uploads\/2023\/10\/conseil-9.png 500w\" sizes=\"(max-width: 300px) 100vw, 300px\" \/>\t\t\t\t\t\t\t\t\t\t\t\t\t\t\t<\/div>\n\t\t\t\t<\/div>\n\t\t\t\t\t<\/div>\n\t\t<\/div>\n\t\t\t\t<div class=\"elementor-column elementor-col-50 elementor-inner-column elementor-element elementor-element-6d3874fc\" data-id=\"6d3874fc\" data-element_type=\"column\" data-e-type=\"column\">\n\t\t\t<div class=\"elementor-widget-wrap elementor-element-populated\">\n\t\t\t\t\t\t<div class=\"elementor-element elementor-element-1079dff5 elementor-widget elementor-widget-text-editor\" data-id=\"1079dff5\" data-element_type=\"widget\" data-e-type=\"widget\" data-widget_type=\"text-editor.default\">\n\t\t\t\t<div class=\"elementor-widget-container\">\n\t\t\t\t\t\t\t\t\t<p>Prenez un suppl\u00e9ment de vitamine C qui n&rsquo;est pas trop acide et qui provoque des maux d&rsquo;estomac. Optez pour une formule combin\u00e9e.<\/p>\t\t\t\t\t\t\t\t<\/div>\n\t\t\t\t<\/div>\n\t\t\t\t\t<\/div>\n\t\t<\/div>\n\t\t\t\t\t<\/div>\n\t\t<\/section>\n\t\t\t\t<div class=\"elementor-element elementor-element-4edf857 elementor-widget elementor-widget-text-editor\" data-id=\"4edf857\" data-element_type=\"widget\" data-e-type=\"widget\" data-widget_type=\"text-editor.default\">\n\t\t\t\t<div class=\"elementor-widget-container\">\n\t\t\t\t\t\t\t\t\t<p><strong>Disponible avec le code CNK suivant :<\/strong><\/p><p><strong>60 tabs \u2013 CNK 4619-508<\/strong><\/p>\t\t\t\t\t\t\t\t<\/div>\n\t\t\t\t<\/div>\n\t\t\t\t\t<\/div>\n\t\t<\/div>\n\t\t\t\t\t<\/div>\n\t\t<\/section>\n\t\t\t\t<section class=\"elementor-section elementor-top-section elementor-element elementor-element-ea87878 elementor-section-boxed elementor-section-height-default elementor-section-height-default\" data-id=\"ea87878\" data-element_type=\"section\" data-e-type=\"section\" data-settings=\"{&quot;_ha_eqh_enable&quot;:false}\">\n\t\t\t\t\t\t<div class=\"elementor-container elementor-column-gap-default\">\n\t\t\t\t\t<div class=\"elementor-column elementor-col-16 elementor-top-column elementor-element elementor-element-a8684b4\" data-id=\"a8684b4\" data-element_type=\"column\" data-e-type=\"column\">\n\t\t\t<div class=\"elementor-widget-wrap elementor-element-populated\">\n\t\t\t\t\t\t<div class=\"elementor-element elementor-element-6dbc6e5 elementor-widget elementor-widget-image\" data-id=\"6dbc6e5\" data-element_type=\"widget\" data-e-type=\"widget\" data-widget_type=\"image.default\">\n\t\t\t\t<div class=\"elementor-widget-container\">\n\t\t\t\t\t\t\t\t\t\t\t\t\t\t\t<img decoding=\"async\" width=\"178\" height=\"156\" src=\"https:\/\/www.alfa.be\/wp-content\/uploads\/2025\/11\/Ontwerp-zonder-titel-2025-11-19T093903.429-e1763546470696-1-1-1-1-1-1-1.png\" class=\"attachment-large size-large wp-image-20756\" alt=\"\" \/>\t\t\t\t\t\t\t\t\t\t\t\t\t\t\t<\/div>\n\t\t\t\t<\/div>\n\t\t\t\t\t<\/div>\n\t\t<\/div>\n\t\t\t\t<div class=\"elementor-column elementor-col-16 elementor-top-column elementor-element elementor-element-14ac59a\" data-id=\"14ac59a\" data-element_type=\"column\" data-e-type=\"column\">\n\t\t\t<div class=\"elementor-widget-wrap elementor-element-populated\">\n\t\t\t\t\t\t<div class=\"elementor-element elementor-element-b7d5019 elementor-widget elementor-widget-image\" data-id=\"b7d5019\" data-element_type=\"widget\" data-e-type=\"widget\" data-widget_type=\"image.default\">\n\t\t\t\t<div class=\"elementor-widget-container\">\n\t\t\t\t\t\t\t\t\t\t\t\t\t\t\t<img decoding=\"async\" width=\"241\" height=\"227\" src=\"https:\/\/www.alfa.be\/wp-content\/uploads\/2025\/11\/Ontwerp-zonder-titel-2025-11-19T103345.586-e1763546268784-1-1-1-1-1-1-1-1-1-1-1-1-1.png\" class=\"attachment-large size-large wp-image-20759\" alt=\"\" \/>\t\t\t\t\t\t\t\t\t\t\t\t\t\t\t<\/div>\n\t\t\t\t<\/div>\n\t\t\t\t\t<\/div>\n\t\t<\/div>\n\t\t\t\t<div class=\"elementor-column elementor-col-16 elementor-top-column elementor-element elementor-element-fdbbd6b\" data-id=\"fdbbd6b\" data-element_type=\"column\" data-e-type=\"column\">\n\t\t\t<div class=\"elementor-widget-wrap elementor-element-populated\">\n\t\t\t\t\t\t<div class=\"elementor-element elementor-element-c90d170 elementor-widget elementor-widget-image\" data-id=\"c90d170\" data-element_type=\"widget\" data-e-type=\"widget\" data-widget_type=\"image.default\">\n\t\t\t\t<div class=\"elementor-widget-container\">\n\t\t\t\t\t\t\t\t\t\t\t\t\t\t\t<img loading=\"lazy\" decoding=\"async\" width=\"245\" height=\"217\" src=\"https:\/\/www.alfa.be\/wp-content\/uploads\/2025\/11\/Ontwerp-zonder-titel-2025-11-19T093759.224-1-e1763546389211-1-1-1-1-1-1-1-1-1-1-1-1-1-1-1-1-1.png\" class=\"attachment-large size-large wp-image-20762\" alt=\"\" \/>\t\t\t\t\t\t\t\t\t\t\t\t\t\t\t<\/div>\n\t\t\t\t<\/div>\n\t\t\t\t\t<\/div>\n\t\t<\/div>\n\t\t\t\t<div class=\"elementor-column elementor-col-16 elementor-top-column elementor-element elementor-element-fedf379\" data-id=\"fedf379\" data-element_type=\"column\" data-e-type=\"column\">\n\t\t\t<div class=\"elementor-widget-wrap elementor-element-populated\">\n\t\t\t\t\t\t<div class=\"elementor-element elementor-element-cf3fc5f elementor-widget elementor-widget-image\" data-id=\"cf3fc5f\" data-element_type=\"widget\" data-e-type=\"widget\" data-widget_type=\"image.default\">\n\t\t\t\t<div class=\"elementor-widget-container\">\n\t\t\t\t\t\t\t\t\t\t\t\t\t\t\t<img loading=\"lazy\" decoding=\"async\" width=\"226\" height=\"220\" src=\"https:\/\/www.alfa.be\/wp-content\/uploads\/2025\/11\/Ontwerp-zonder-titel-2025-11-19T093725.768-1-1-e1763546354137-1-1-1-1-1-1-1-1-1-1-1-1-1-1-1-1-1.png\" class=\"attachment-large size-large wp-image-20765\" alt=\"\" \/>\t\t\t\t\t\t\t\t\t\t\t\t\t\t\t<\/div>\n\t\t\t\t<\/div>\n\t\t\t\t\t<\/div>\n\t\t<\/div>\n\t\t\t\t<div class=\"elementor-column elementor-col-16 elementor-top-column elementor-element elementor-element-9219a94\" data-id=\"9219a94\" data-element_type=\"column\" data-e-type=\"column\">\n\t\t\t<div class=\"elementor-widget-wrap elementor-element-populated\">\n\t\t\t\t\t\t<div class=\"elementor-element elementor-element-524e8a1 elementor-widget elementor-widget-image\" data-id=\"524e8a1\" data-element_type=\"widget\" data-e-type=\"widget\" data-widget_type=\"image.default\">\n\t\t\t\t<div class=\"elementor-widget-container\">\n\t\t\t\t\t\t\t\t\t\t\t\t\t\t\t<img loading=\"lazy\" decoding=\"async\" width=\"252\" height=\"250\" src=\"https:\/\/www.alfa.be\/wp-content\/uploads\/2025\/11\/Ontwerp-zonder-titel-2025-11-19T093353.978-e1763546612398-1-1-1-1-1-1-1-1-1-1-1-1-1-1-1.png\" class=\"attachment-large size-large wp-image-20768\" alt=\"\" srcset=\"https:\/\/www.alfa.be\/wp-content\/uploads\/2025\/11\/Ontwerp-zonder-titel-2025-11-19T093353.978-e1763546612398-1-1-1-1-1-1-1-1-1-1-1-1-1-1-1.png 252w, https:\/\/www.alfa.be\/wp-content\/uploads\/2025\/11\/Ontwerp-zonder-titel-2025-11-19T093353.978-e1763546612398-1-1-1-1-1-1-1-1-1-1-1-1-1-1-1-150x150.png 150w\" sizes=\"(max-width: 252px) 100vw, 252px\" \/>\t\t\t\t\t\t\t\t\t\t\t\t\t\t\t<\/div>\n\t\t\t\t<\/div>\n\t\t\t\t\t<\/div>\n\t\t<\/div>\n\t\t\t\t<div class=\"elementor-column elementor-col-16 elementor-top-column elementor-element elementor-element-ef9dc05\" data-id=\"ef9dc05\" data-element_type=\"column\" data-e-type=\"column\">\n\t\t\t<div class=\"elementor-widget-wrap\">\n\t\t\t\t\t\t\t<\/div>\n\t\t<\/div>\n\t\t\t\t\t<\/div>\n\t\t<\/section>\n\t\t\t\t<section class=\"elementor-section elementor-top-section elementor-element elementor-element-4de0b27 elementor-section-boxed elementor-section-height-default elementor-section-height-default\" data-id=\"4de0b27\" data-element_type=\"section\" data-e-type=\"section\" data-settings=\"{&quot;_ha_eqh_enable&quot;:false}\">\n\t\t\t\t\t\t<div class=\"elementor-container elementor-column-gap-default\">\n\t\t\t\t\t<div class=\"elementor-column elementor-col-100 elementor-top-column elementor-element elementor-element-55fda33a\" data-id=\"55fda33a\" data-element_type=\"column\" data-e-type=\"column\">\n\t\t\t<div class=\"elementor-widget-wrap elementor-element-populated\">\n\t\t\t\t\t\t<div class=\"elementor-element elementor-element-79395599 elementor-widget elementor-widget-image\" data-id=\"79395599\" data-element_type=\"widget\" data-e-type=\"widget\" data-widget_type=\"image.default\">\n\t\t\t\t<div class=\"elementor-widget-container\">\n\t\t\t\t\t\t\t\t\t\t\t\t\t\t\t<img loading=\"lazy\" decoding=\"async\" width=\"800\" height=\"294\" src=\"https:\/\/www.alfa.be\/wp-content\/uploads\/2023\/08\/Ingredients-Alfa-Tri-C-Acerola-FR-1024x376.png\" class=\"attachment-large size-large wp-image-19509\" alt=\"\" srcset=\"https:\/\/www.alfa.be\/wp-content\/uploads\/2023\/08\/Ingredients-Alfa-Tri-C-Acerola-FR-1024x376.png 1024w, https:\/\/www.alfa.be\/wp-content\/uploads\/2023\/08\/Ingredients-Alfa-Tri-C-Acerola-FR-300x110.png 300w, https:\/\/www.alfa.be\/wp-content\/uploads\/2023\/08\/Ingredients-Alfa-Tri-C-Acerola-FR-768x282.png 768w, https:\/\/www.alfa.be\/wp-content\/uploads\/2023\/08\/Ingredients-Alfa-Tri-C-Acerola-FR.png 1272w\" sizes=\"(max-width: 800px) 100vw, 800px\" \/>\t\t\t\t\t\t\t\t\t\t\t\t\t\t\t<\/div>\n\t\t\t\t<\/div>\n\t\t\t\t\t<\/div>\n\t\t<\/div>\n\t\t\t\t\t<\/div>\n\t\t<\/section>\n\t\t\t\t<section class=\"elementor-section elementor-top-section elementor-element elementor-element-40920e elementor-section-boxed elementor-section-height-default elementor-section-height-default\" data-id=\"40920e\" data-element_type=\"section\" data-e-type=\"section\" data-settings=\"{&quot;background_background&quot;:&quot;classic&quot;,&quot;_ha_eqh_enable&quot;:false}\">\n\t\t\t\t\t\t<div class=\"elementor-container elementor-column-gap-default\">\n\t\t\t\t\t<div class=\"elementor-column elementor-col-100 elementor-top-column elementor-element elementor-element-68f73ead\" data-id=\"68f73ead\" data-element_type=\"column\" data-e-type=\"column\">\n\t\t\t<div class=\"elementor-widget-wrap elementor-element-populated\">\n\t\t\t\t\t\t<div class=\"elementor-element elementor-element-61bcaf59 elementor-widget elementor-widget-text-editor\" data-id=\"61bcaf59\" data-element_type=\"widget\" data-e-type=\"widget\" data-widget_type=\"text-editor.default\">\n\t\t\t\t<div class=\"elementor-widget-container\">\n\t\t\t\t\t\t\t\t\t<p>MODE DE VIE<br \/>Que pouvez-vous faire vous-m\u00eame ?<\/p>\t\t\t\t\t\t\t\t<\/div>\n\t\t\t\t<\/div>\n\t\t\t\t\t<\/div>\n\t\t<\/div>\n\t\t\t\t\t<\/div>\n\t\t<\/section>\n\t\t\t\t<section class=\"elementor-section elementor-top-section elementor-element elementor-element-66cff0a elementor-section-boxed elementor-section-height-default elementor-section-height-default\" data-id=\"66cff0a\" data-element_type=\"section\" data-e-type=\"section\" data-settings=\"{&quot;_ha_eqh_enable&quot;:false}\">\n\t\t\t\t\t\t<div class=\"elementor-container elementor-column-gap-default\">\n\t\t\t\t\t<div class=\"elementor-column elementor-col-100 elementor-top-column elementor-element elementor-element-79f0ea7\" data-id=\"79f0ea7\" data-element_type=\"column\" data-e-type=\"column\">\n\t\t\t<div class=\"elementor-widget-wrap elementor-element-populated\">\n\t\t\t\t\t\t<div class=\"elementor-element elementor-element-4a096e1 elementor-widget elementor-widget-text-editor\" data-id=\"4a096e1\" data-element_type=\"widget\" data-e-type=\"widget\" data-widget_type=\"text-editor.default\">\n\t\t\t\t<div class=\"elementor-widget-container\">\n\t\t\t\t\t\t\t\t\t<p>\u00a0<\/p><ul><li>Mangez assez de fruits contenant de la vitamine C, comme des cerises ac\u00e9rola, cynorrhodon, cassis, kiwi, fraises et oranges.<\/li><li>Les l\u00e9gumes riches en vitamine C sont les poivrons, les brocolis, les choux de Bruxelles, les navets et les choux rouges.<\/li><li>La vitamine C et la vitamine E sont \u00e9galement des formules anti-\u00e2ge parfaites. Un surplus de vitamine C vous donnera de l&rsquo;\u00e9clat!<\/li><li>Commencez une cure de vitamine C d\u00e8s le mois de septembre pour \u00e9viter les premiers maux de l&rsquo;automne.<\/li><\/ul>\t\t\t\t\t\t\t\t<\/div>\n\t\t\t\t<\/div>\n\t\t\t\t\t<\/div>\n\t\t<\/div>\n\t\t\t\t\t<\/div>\n\t\t<\/section>\n\t\t\t\t<section class=\"elementor-section elementor-top-section elementor-element elementor-element-78428338 elementor-section-boxed elementor-section-height-default elementor-section-height-default\" data-id=\"78428338\" data-element_type=\"section\" data-e-type=\"section\" data-settings=\"{&quot;_ha_eqh_enable&quot;:false}\">\n\t\t\t\t\t\t<div class=\"elementor-container elementor-column-gap-default\">\n\t\t\t\t\t<div class=\"elementor-column elementor-col-100 elementor-top-column elementor-element elementor-element-4edb0347\" data-id=\"4edb0347\" data-element_type=\"column\" data-e-type=\"column\">\n\t\t\t<div class=\"elementor-widget-wrap elementor-element-populated\">\n\t\t\t\t\t\t<div class=\"elementor-element elementor-element-6a5b236d elementor-widget elementor-widget-heading\" data-id=\"6a5b236d\" data-element_type=\"widget\" data-e-type=\"widget\" data-widget_type=\"heading.default\">\n\t\t\t\t<div class=\"elementor-widget-container\">\n\t\t\t\t\t<h2 class=\"elementor-heading-title elementor-size-default\">Demandez-le \u00e0 votre pharmacie<\/h2>\t\t\t\t<\/div>\n\t\t\t\t<\/div>\n\t\t\t\t\t<\/div>\n\t\t<\/div>\n\t\t\t\t\t<\/div>\n\t\t<\/section>\n\t\t\t\t<section class=\"elementor-section elementor-top-section elementor-element elementor-element-79602074 elementor-section-boxed elementor-section-height-default elementor-section-height-default\" data-id=\"79602074\" data-element_type=\"section\" data-e-type=\"section\" data-settings=\"{&quot;_ha_eqh_enable&quot;:false}\">\n\t\t\t\t\t\t<div class=\"elementor-container elementor-column-gap-default\">\n\t\t\t\t\t<div class=\"elementor-column elementor-col-100 elementor-top-column elementor-element elementor-element-229ded4f\" data-id=\"229ded4f\" data-element_type=\"column\" data-e-type=\"column\">\n\t\t\t<div class=\"elementor-widget-wrap elementor-element-populated\">\n\t\t\t\t\t\t<div class=\"elementor-element elementor-element-7d5ef072 elementor-align-center elementor-widget elementor-widget-button\" data-id=\"7d5ef072\" data-element_type=\"widget\" data-e-type=\"widget\" data-widget_type=\"button.default\">\n\t\t\t\t<div class=\"elementor-widget-container\">\n\t\t\t\t\t\t\t\t\t<div class=\"elementor-button-wrapper\">\n\t\t\t\t\t<a class=\"elementor-button elementor-button-link elementor-size-sm\" href=\"https:\/\/www.alfa.be\/fr\/produits-nouveau\/\">\n\t\t\t\t\t\t<span class=\"elementor-button-content-wrapper\">\n\t\t\t\t\t\t\t\t\t<span class=\"elementor-button-text\">D\u00c9COUVREZ AUSSI NOS AUTRES PRODUITS<\/span>\n\t\t\t\t\t<\/span>\n\t\t\t\t\t<\/a>\n\t\t\t\t<\/div>\n\t\t\t\t\t\t\t\t<\/div>\n\t\t\t\t<\/div>\n\t\t\t\t\t<\/div>\n\t\t<\/div>\n\t\t\t\t\t<\/div>\n\t\t<\/section>\n\t\t\t\t<\/div>\n\t\t","protected":false},"excerpt":{"rendered":"<p>ALFA TRI-C ACEROLA Pour un bon soutien du syst\u00e8me immunitaire et contre la fatigue POURQUOI CHOISIR ALFA TRI-C ACEROLA La vitamine C est une vitamine polyvalente avec un large \u00e9ventail de fonctions dans notre corps. Il contribue \u00e0: le fonctionnement normal du syst\u00e8me immunitaire la reduction de la fatigue et l&rsquo;\u00e9puisement la formation normale de [&hellip;]<\/p>\n","protected":false},"author":1572,"featured_media":0,"parent":0,"menu_order":0,"comment_status":"closed","ping_status":"closed","template":"","meta":{"_exactmetrics_skip_tracking":false,"_exactmetrics_sitenote_active":false,"_exactmetrics_sitenote_note":"","_exactmetrics_sitenote_category":0,"__cvm_playback_settings":[],"__cvm_video_id":"","footnotes":""},"class_list":["post-18502","page","type-page","status-publish","hentry"],"_links":{"self":[{"href":"https:\/\/www.alfa.be\/fr\/wp-json\/wp\/v2\/pages\/18502","targetHints":{"allow":["GET"]}}],"collection":[{"href":"https:\/\/www.alfa.be\/fr\/wp-json\/wp\/v2\/pages"}],"about":[{"href":"https:\/\/www.alfa.be\/fr\/wp-json\/wp\/v2\/types\/page"}],"author":[{"embeddable":true,"href":"https:\/\/www.alfa.be\/fr\/wp-json\/wp\/v2\/users\/1572"}],"replies":[{"embeddable":true,"href":"https:\/\/www.alfa.be\/fr\/wp-json\/wp\/v2\/comments?post=18502"}],"version-history":[{"count":0,"href":"https:\/\/www.alfa.be\/fr\/wp-json\/wp\/v2\/pages\/18502\/revisions"}],"wp:attachment":[{"href":"https:\/\/www.alfa.be\/fr\/wp-json\/wp\/v2\/media?parent=18502"}],"curies":[{"name":"wp","href":"https:\/\/api.w.org\/{rel}","templated":true}]}}