{"id":18499,"date":"2023-05-31T19:09:25","date_gmt":"2023-05-31T17:09:25","guid":{"rendered":"https:\/\/www.alfa.be\/alfa-immunite\/"},"modified":"2025-12-09T12:11:43","modified_gmt":"2025-12-09T11:11:43","slug":"alfa-immunity","status":"publish","type":"page","link":"https:\/\/www.alfa.be\/fr\/alfa-immunity\/","title":{"rendered":"ALFA IMMUNIT\u00c9"},"content":{"rendered":"\t\t<div data-elementor-type=\"wp-page\" data-elementor-id=\"18499\" class=\"elementor elementor-18499 elementor-1647\" data-elementor-settings=\"{&quot;ha_cmc_init_switcher&quot;:&quot;no&quot;}\" data-elementor-post-type=\"page\">\n\t\t\t\t\t\t<section class=\"elementor-section elementor-top-section elementor-element elementor-element-4ef33ebf elementor-section-boxed elementor-section-height-default elementor-section-height-default\" data-id=\"4ef33ebf\" data-element_type=\"section\" data-e-type=\"section\" data-settings=\"{&quot;_ha_eqh_enable&quot;:false}\">\n\t\t\t\t\t\t<div class=\"elementor-container elementor-column-gap-default\">\n\t\t\t\t\t<div class=\"elementor-column elementor-col-100 elementor-top-column elementor-element elementor-element-4bb7cf91\" data-id=\"4bb7cf91\" data-element_type=\"column\" data-e-type=\"column\">\n\t\t\t<div class=\"elementor-widget-wrap elementor-element-populated\">\n\t\t\t\t\t\t<div class=\"elementor-element elementor-element-533e5619 elementor-widget elementor-widget-heading\" data-id=\"533e5619\" data-element_type=\"widget\" data-e-type=\"widget\" data-widget_type=\"heading.default\">\n\t\t\t\t<div class=\"elementor-widget-container\">\n\t\t\t\t\t<h2 class=\"elementor-heading-title elementor-size-default\">ALFA IMMUNITY<\/h2>\t\t\t\t<\/div>\n\t\t\t\t<\/div>\n\t\t\t\t\t<\/div>\n\t\t<\/div>\n\t\t\t\t\t<\/div>\n\t\t<\/section>\n\t\t\t\t<section class=\"elementor-section elementor-top-section elementor-element elementor-element-49a94cc elementor-section-boxed elementor-section-height-default elementor-section-height-default\" data-id=\"49a94cc\" data-element_type=\"section\" data-e-type=\"section\" data-settings=\"{&quot;_ha_eqh_enable&quot;:false}\">\n\t\t\t\t\t\t<div class=\"elementor-container elementor-column-gap-default\">\n\t\t\t\t\t<div class=\"elementor-column elementor-col-50 elementor-top-column elementor-element elementor-element-12d04e6\" data-id=\"12d04e6\" data-element_type=\"column\" data-e-type=\"column\">\n\t\t\t<div class=\"elementor-widget-wrap elementor-element-populated\">\n\t\t\t\t\t\t<div class=\"elementor-element elementor-element-a2ff92c elementor-widget elementor-widget-image\" data-id=\"a2ff92c\" data-element_type=\"widget\" data-e-type=\"widget\" data-widget_type=\"image.default\">\n\t\t\t\t<div class=\"elementor-widget-container\">\n\t\t\t\t\t\t\t\t\t\t\t\t\t\t\t<img decoding=\"async\" src=\"https:\/\/www.alfa.be\/wp-content\/uploads\/2023\/02\/potje-immunitydef1ok-606x378-1.png\" title=\"\" alt=\"\" loading=\"lazy\" \/>\t\t\t\t\t\t\t\t\t\t\t\t\t\t\t<\/div>\n\t\t\t\t<\/div>\n\t\t\t\t\t<\/div>\n\t\t<\/div>\n\t\t\t\t<div class=\"elementor-column elementor-col-50 elementor-top-column elementor-element elementor-element-6e454a64\" data-id=\"6e454a64\" data-element_type=\"column\" data-e-type=\"column\">\n\t\t\t<div class=\"elementor-widget-wrap elementor-element-populated\">\n\t\t\t\t\t\t<div class=\"elementor-element elementor-element-56f7afa3 elementor-widget elementor-widget-text-editor\" data-id=\"56f7afa3\" data-element_type=\"widget\" data-e-type=\"widget\" data-widget_type=\"text-editor.default\">\n\t\t\t\t<div class=\"elementor-widget-container\">\n\t\t\t\t\t\t\t\t\t<p>Pour une plus grande r\u00e9sistance<\/p>\n\t\t\t\t\t\t\t\t<\/div>\n\t\t\t\t<\/div>\n\t\t\t\t\t<\/div>\n\t\t<\/div>\n\t\t\t\t\t<\/div>\n\t\t<\/section>\n\t\t\t\t<section class=\"elementor-section elementor-top-section elementor-element elementor-element-29578d2 elementor-section-boxed elementor-section-height-default elementor-section-height-default\" data-id=\"29578d2\" data-element_type=\"section\" data-e-type=\"section\" data-settings=\"{&quot;_ha_eqh_enable&quot;:false}\">\n\t\t\t\t\t\t<div class=\"elementor-container elementor-column-gap-default\">\n\t\t\t\t\t<div class=\"elementor-column elementor-col-100 elementor-top-column elementor-element elementor-element-f2b5e8b\" data-id=\"f2b5e8b\" data-element_type=\"column\" data-e-type=\"column\">\n\t\t\t<div class=\"elementor-widget-wrap elementor-element-populated\">\n\t\t\t\t\t\t<div class=\"elementor-element elementor-element-40aa0ca9 elementor-widget elementor-widget-text-editor\" data-id=\"40aa0ca9\" data-element_type=\"widget\" data-e-type=\"widget\" data-widget_type=\"text-editor.default\">\n\t\t\t\t<div class=\"elementor-widget-container\">\n\t\t\t\t\t\t\t\t\t<div class=\"vc_row wpb_row section vc_row-fluid vc_inner \"><div class=\" full_section_inner clearfix\"><div class=\"wpb_column vc_column_container vc_col-sm-8\"><div class=\"vc_column-inner\"><div class=\"wpb_wrapper\"><div class=\"wpb_text_column wpb_content_element \"><div class=\"wpb_wrapper\"><h3>POURQUOI CHOISIR ALFA IMMUNITY ?<\/h3><div class=\"wpb_text_column wpb_content_element \"><div class=\"wpb_wrapper\"><p>Alfa Immunity est une solution puissante et polyvalente pour optimiser votre r\u00e9sistance car elle soutient les diff\u00e9rentes barri\u00e8res. Cependant, les m\u00e9dicaments traditionnels ne font que supprimer les sympt\u00f4mes.<\/p><p>\u00a0<\/p><p>\u00a0<\/p><p>Les ingr\u00e9dients d&rsquo; Alfa Immunity favorisent le syst\u00e8me de d\u00e9fense naturel des cellules de l&rsquo;organisme:<\/p><ul><li>La vitamine C, le zinc et les antioxydants de l&rsquo;astragale et du sureau contribuent \u00e0 prot\u00e9ger les cellules et les tissus du stress oxydatif et \u00e0 maintenir une peau normale (barri\u00e8re 1).<\/li><li>L&rsquo;arabinogalactane et l&rsquo;astragale contiennent des fibres (polysaccharides) qui constituent une riche source nutritionnelle pour notre flore intestinale (barri\u00e8re 2).<\/li><li>La vitamine C et le zinc contribuent au fonctionnement normal du syst\u00e8me immunitaire (barri\u00e8re 3).<\/li><\/ul><\/div><\/div><\/div><\/div><\/div><\/div><\/div><\/div><\/div>\t\t\t\t\t\t\t\t<\/div>\n\t\t\t\t<\/div>\n\t\t\t\t\t<\/div>\n\t\t<\/div>\n\t\t\t\t\t<\/div>\n\t\t<\/section>\n\t\t\t\t<section class=\"elementor-section elementor-top-section elementor-element elementor-element-324732b elementor-section-boxed elementor-section-height-default elementor-section-height-default\" data-id=\"324732b\" data-element_type=\"section\" data-e-type=\"section\" data-settings=\"{&quot;_ha_eqh_enable&quot;:false}\">\n\t\t\t\t\t\t<div class=\"elementor-container elementor-column-gap-default\">\n\t\t\t\t\t<div class=\"elementor-column elementor-col-100 elementor-top-column elementor-element elementor-element-783675a8\" data-id=\"783675a8\" data-element_type=\"column\" data-e-type=\"column\">\n\t\t\t<div class=\"elementor-widget-wrap elementor-element-populated\">\n\t\t\t\t\t\t<section class=\"elementor-section elementor-inner-section elementor-element elementor-element-4e1ae327 elementor-section-boxed elementor-section-height-default elementor-section-height-default\" data-id=\"4e1ae327\" data-element_type=\"section\" data-e-type=\"section\" data-settings=\"{&quot;_ha_eqh_enable&quot;:false}\">\n\t\t\t\t\t\t<div class=\"elementor-container elementor-column-gap-default\">\n\t\t\t\t\t<div class=\"elementor-column elementor-col-50 elementor-inner-column elementor-element elementor-element-40142d45\" data-id=\"40142d45\" data-element_type=\"column\" data-e-type=\"column\">\n\t\t\t<div class=\"elementor-widget-wrap elementor-element-populated\">\n\t\t\t\t\t\t<div class=\"elementor-element elementor-element-2b167646 elementor-widget elementor-widget-heading\" data-id=\"2b167646\" data-element_type=\"widget\" data-e-type=\"widget\" data-widget_type=\"heading.default\">\n\t\t\t\t<div class=\"elementor-widget-container\">\n\t\t\t\t\t<h2 class=\"elementor-heading-title elementor-size-default\">utilisation recommand\u00e9e<\/h2>\t\t\t\t<\/div>\n\t\t\t\t<\/div>\n\t\t\t\t<div class=\"elementor-element elementor-element-68f6abe4 elementor-invisible elementor-widget elementor-widget-image\" data-id=\"68f6abe4\" data-element_type=\"widget\" data-e-type=\"widget\" data-settings=\"{&quot;_animation&quot;:&quot;rotateIn&quot;}\" data-widget_type=\"image.default\">\n\t\t\t\t<div class=\"elementor-widget-container\">\n\t\t\t\t\t\t\t\t\t\t\t\t\t\t\t<img decoding=\"async\" src=\"https:\/\/www.alfa.be\/wp-content\/uploads\/2023\/02\/BOL-MEDI-digest-med-12.png\" title=\"\" alt=\"\" loading=\"lazy\" \/>\t\t\t\t\t\t\t\t\t\t\t\t\t\t\t<\/div>\n\t\t\t\t<\/div>\n\t\t\t\t\t<\/div>\n\t\t<\/div>\n\t\t\t\t<div class=\"elementor-column elementor-col-50 elementor-inner-column elementor-element elementor-element-2407c315\" data-id=\"2407c315\" data-element_type=\"column\" data-e-type=\"column\">\n\t\t\t<div class=\"elementor-widget-wrap elementor-element-populated\">\n\t\t\t\t\t\t<div class=\"elementor-element elementor-element-52db6ad0 elementor-widget elementor-widget-text-editor\" data-id=\"52db6ad0\" data-element_type=\"widget\" data-e-type=\"widget\" data-widget_type=\"text-editor.default\">\n\t\t\t\t<div class=\"elementor-widget-container\">\n\t\t\t\t\t\t\t\t\t<p>\u00a0<\/p><p>6 capsules v\u00e9g\u00e9tales par jour pendant les 6 premiers jours, r\u00e9parties tout au long de la journ\u00e9e. Ensuite, par exemple pendant la p\u00e9riode hivernale, 2 capsules v\u00e9g\u00e9tales par jour. A prendre au cours des repas. Peut \u00eatre pris \u00e0 long terme.<\/p>\t\t\t\t\t\t\t\t<\/div>\n\t\t\t\t<\/div>\n\t\t\t\t\t<\/div>\n\t\t<\/div>\n\t\t\t\t\t<\/div>\n\t\t<\/section>\n\t\t\t\t\t<\/div>\n\t\t<\/div>\n\t\t\t\t\t<\/div>\n\t\t<\/section>\n\t\t\t\t<section class=\"elementor-section elementor-top-section elementor-element elementor-element-36eb820f elementor-section-boxed elementor-section-height-default elementor-section-height-default\" data-id=\"36eb820f\" data-element_type=\"section\" data-e-type=\"section\" data-settings=\"{&quot;_ha_eqh_enable&quot;:false}\">\n\t\t\t\t\t\t<div class=\"elementor-container elementor-column-gap-default\">\n\t\t\t\t\t<div class=\"elementor-column elementor-col-100 elementor-top-column elementor-element elementor-element-5a0e5d15\" data-id=\"5a0e5d15\" data-element_type=\"column\" data-e-type=\"column\">\n\t\t\t<div class=\"elementor-widget-wrap elementor-element-populated\">\n\t\t\t\t\t\t<section class=\"elementor-section elementor-inner-section elementor-element elementor-element-2838689b elementor-section-boxed elementor-section-height-default elementor-section-height-default\" data-id=\"2838689b\" data-element_type=\"section\" data-e-type=\"section\" data-settings=\"{&quot;_ha_eqh_enable&quot;:false}\">\n\t\t\t\t\t\t<div class=\"elementor-container elementor-column-gap-default\">\n\t\t\t\t\t<div class=\"elementor-column elementor-col-50 elementor-inner-column elementor-element elementor-element-6ac43c4\" data-id=\"6ac43c4\" data-element_type=\"column\" data-e-type=\"column\">\n\t\t\t<div class=\"elementor-widget-wrap elementor-element-populated\">\n\t\t\t\t\t\t<div class=\"elementor-element elementor-element-77947f51 elementor-invisible elementor-widget elementor-widget-image\" data-id=\"77947f51\" data-element_type=\"widget\" data-e-type=\"widget\" data-settings=\"{&quot;_animation&quot;:&quot;swing&quot;}\" data-widget_type=\"image.default\">\n\t\t\t\t<div class=\"elementor-widget-container\">\n\t\t\t\t\t\t\t\t\t\t\t\t\t\t\t<img decoding=\"async\" src=\"https:\/\/www.alfa.be\/wp-content\/uploads\/2023\/04\/Kopie-van-BOL-MED-tips-37.png\" title=\"\" alt=\"\" loading=\"lazy\" \/>\t\t\t\t\t\t\t\t\t\t\t\t\t\t\t<\/div>\n\t\t\t\t<\/div>\n\t\t\t\t\t<\/div>\n\t\t<\/div>\n\t\t\t\t<div class=\"elementor-column elementor-col-50 elementor-inner-column elementor-element elementor-element-65529e56\" data-id=\"65529e56\" data-element_type=\"column\" data-e-type=\"column\">\n\t\t\t<div class=\"elementor-widget-wrap elementor-element-populated\">\n\t\t\t\t\t\t<div class=\"elementor-element elementor-element-6d9bf495 elementor-widget elementor-widget-text-editor\" data-id=\"6d9bf495\" data-element_type=\"widget\" data-e-type=\"widget\" data-widget_type=\"text-editor.default\">\n\t\t\t\t<div class=\"elementor-widget-container\">\n\t\t\t\t\t\t\t\t\t<p>En cas de fatigue, les compl\u00e9ments Alfa Energy, Alfa Relax et Alfa Magnesium peuvent s&rsquo;av\u00e9rer utiles.<\/p>\t\t\t\t\t\t\t\t<\/div>\n\t\t\t\t<\/div>\n\t\t\t\t\t<\/div>\n\t\t<\/div>\n\t\t\t\t\t<\/div>\n\t\t<\/section>\n\t\t\t\t<div class=\"elementor-element elementor-element-35b6d7d elementor-widget elementor-widget-text-editor\" data-id=\"35b6d7d\" data-element_type=\"widget\" data-e-type=\"widget\" data-widget_type=\"text-editor.default\">\n\t\t\t\t<div class=\"elementor-widget-container\">\n\t\t\t\t\t\t\t\t\t<p><strong>Disponible avec les codes CNK suivants :<\/strong><\/p><p><strong>30 Vcaps \u2013 CNK 4822-201<br \/><\/strong><strong>60 Vcaps \u2013 CNK 4822-219<\/strong><\/p>\t\t\t\t\t\t\t\t<\/div>\n\t\t\t\t<\/div>\n\t\t\t\t\t<\/div>\n\t\t<\/div>\n\t\t\t\t\t<\/div>\n\t\t<\/section>\n\t\t\t\t<section class=\"elementor-section elementor-top-section elementor-element elementor-element-f807f3f elementor-section-boxed elementor-section-height-default elementor-section-height-default\" data-id=\"f807f3f\" data-element_type=\"section\" data-e-type=\"section\" data-settings=\"{&quot;_ha_eqh_enable&quot;:false}\">\n\t\t\t\t\t\t<div class=\"elementor-container elementor-column-gap-default\">\n\t\t\t\t\t<div class=\"elementor-column elementor-col-16 elementor-top-column elementor-element elementor-element-92ce4cd\" data-id=\"92ce4cd\" data-element_type=\"column\" data-e-type=\"column\">\n\t\t\t<div class=\"elementor-widget-wrap\">\n\t\t\t\t\t\t\t<\/div>\n\t\t<\/div>\n\t\t\t\t<div class=\"elementor-column elementor-col-16 elementor-top-column elementor-element elementor-element-a151d76\" data-id=\"a151d76\" data-element_type=\"column\" data-e-type=\"column\">\n\t\t\t<div class=\"elementor-widget-wrap elementor-element-populated\">\n\t\t\t\t\t\t<div class=\"elementor-element elementor-element-cbb263d elementor-widget elementor-widget-image\" data-id=\"cbb263d\" data-element_type=\"widget\" data-e-type=\"widget\" data-widget_type=\"image.default\">\n\t\t\t\t<div class=\"elementor-widget-container\">\n\t\t\t\t\t\t\t\t\t\t\t\t\t\t\t<img fetchpriority=\"high\" decoding=\"async\" width=\"252\" height=\"250\" src=\"https:\/\/www.alfa.be\/wp-content\/uploads\/2025\/11\/Ontwerp-zonder-titel-2025-11-19T093353.978-e1763546612398-1-1-1-1-1-1-1-1-1-1-1.png\" class=\"attachment-large size-large wp-image-20692\" alt=\"\" srcset=\"https:\/\/www.alfa.be\/wp-content\/uploads\/2025\/11\/Ontwerp-zonder-titel-2025-11-19T093353.978-e1763546612398-1-1-1-1-1-1-1-1-1-1-1.png 252w, https:\/\/www.alfa.be\/wp-content\/uploads\/2025\/11\/Ontwerp-zonder-titel-2025-11-19T093353.978-e1763546612398-1-1-1-1-1-1-1-1-1-1-1-150x150.png 150w\" sizes=\"(max-width: 252px) 100vw, 252px\" \/>\t\t\t\t\t\t\t\t\t\t\t\t\t\t\t<\/div>\n\t\t\t\t<\/div>\n\t\t\t\t\t<\/div>\n\t\t<\/div>\n\t\t\t\t<div class=\"elementor-column elementor-col-16 elementor-top-column elementor-element elementor-element-f6e8473\" data-id=\"f6e8473\" data-element_type=\"column\" data-e-type=\"column\">\n\t\t\t<div class=\"elementor-widget-wrap elementor-element-populated\">\n\t\t\t\t\t\t<div class=\"elementor-element elementor-element-4992b8e elementor-widget elementor-widget-image\" data-id=\"4992b8e\" data-element_type=\"widget\" data-e-type=\"widget\" data-widget_type=\"image.default\">\n\t\t\t\t<div class=\"elementor-widget-container\">\n\t\t\t\t\t\t\t\t\t\t\t\t\t\t\t<img decoding=\"async\" width=\"226\" height=\"220\" src=\"https:\/\/www.alfa.be\/wp-content\/uploads\/2025\/11\/Ontwerp-zonder-titel-2025-11-19T093725.768-1-1-e1763546354137-1-1-1-1-1-1-1-1-1-1-1-1-1.png\" class=\"attachment-large size-large wp-image-20695\" alt=\"\" \/>\t\t\t\t\t\t\t\t\t\t\t\t\t\t\t<\/div>\n\t\t\t\t<\/div>\n\t\t\t\t\t<\/div>\n\t\t<\/div>\n\t\t\t\t<div class=\"elementor-column elementor-col-16 elementor-top-column elementor-element elementor-element-f183ec9\" data-id=\"f183ec9\" data-element_type=\"column\" data-e-type=\"column\">\n\t\t\t<div class=\"elementor-widget-wrap elementor-element-populated\">\n\t\t\t\t\t\t<div class=\"elementor-element elementor-element-7d5eab8 elementor-widget elementor-widget-image\" data-id=\"7d5eab8\" data-element_type=\"widget\" data-e-type=\"widget\" data-widget_type=\"image.default\">\n\t\t\t\t<div class=\"elementor-widget-container\">\n\t\t\t\t\t\t\t\t\t\t\t\t\t\t\t<img decoding=\"async\" width=\"245\" height=\"217\" src=\"https:\/\/www.alfa.be\/wp-content\/uploads\/2025\/11\/Ontwerp-zonder-titel-2025-11-19T093759.224-1-e1763546389211-1-1-1-1-1-1-1-1-1-1-1-1-1.png\" class=\"attachment-large size-large wp-image-20698\" alt=\"\" \/>\t\t\t\t\t\t\t\t\t\t\t\t\t\t\t<\/div>\n\t\t\t\t<\/div>\n\t\t\t\t\t<\/div>\n\t\t<\/div>\n\t\t\t\t<div class=\"elementor-column elementor-col-16 elementor-top-column elementor-element elementor-element-c4dd229\" data-id=\"c4dd229\" data-element_type=\"column\" data-e-type=\"column\">\n\t\t\t<div class=\"elementor-widget-wrap elementor-element-populated\">\n\t\t\t\t\t\t<div class=\"elementor-element elementor-element-87e8f7d elementor-widget elementor-widget-image\" data-id=\"87e8f7d\" data-element_type=\"widget\" data-e-type=\"widget\" data-widget_type=\"image.default\">\n\t\t\t\t<div class=\"elementor-widget-container\">\n\t\t\t\t\t\t\t\t\t\t\t\t\t\t\t<img loading=\"lazy\" decoding=\"async\" width=\"241\" height=\"227\" src=\"https:\/\/www.alfa.be\/wp-content\/uploads\/2025\/11\/Ontwerp-zonder-titel-2025-11-19T103345.586-e1763546268784-1-1-1-1-1-1-1-1-1-1.png\" class=\"attachment-large size-large wp-image-20689\" alt=\"\" \/>\t\t\t\t\t\t\t\t\t\t\t\t\t\t\t<\/div>\n\t\t\t\t<\/div>\n\t\t\t\t\t<\/div>\n\t\t<\/div>\n\t\t\t\t<div class=\"elementor-column elementor-col-16 elementor-top-column elementor-element elementor-element-5d9fab5\" data-id=\"5d9fab5\" data-element_type=\"column\" data-e-type=\"column\">\n\t\t\t<div class=\"elementor-widget-wrap\">\n\t\t\t\t\t\t\t<\/div>\n\t\t<\/div>\n\t\t\t\t\t<\/div>\n\t\t<\/section>\n\t\t\t\t<section class=\"elementor-section elementor-top-section elementor-element elementor-element-5336872 elementor-section-boxed elementor-section-height-default elementor-section-height-default\" data-id=\"5336872\" data-element_type=\"section\" data-e-type=\"section\" data-settings=\"{&quot;_ha_eqh_enable&quot;:false}\">\n\t\t\t\t\t\t<div class=\"elementor-container elementor-column-gap-default\">\n\t\t\t\t\t<div class=\"elementor-column elementor-col-100 elementor-top-column elementor-element elementor-element-70115f5f\" data-id=\"70115f5f\" data-element_type=\"column\" data-e-type=\"column\">\n\t\t\t<div class=\"elementor-widget-wrap elementor-element-populated\">\n\t\t\t\t\t\t<div class=\"elementor-element elementor-element-45a2fb16 elementor-widget elementor-widget-image\" data-id=\"45a2fb16\" data-element_type=\"widget\" data-e-type=\"widget\" data-widget_type=\"image.default\">\n\t\t\t\t<div class=\"elementor-widget-container\">\n\t\t\t\t\t\t\t\t\t\t\t\t\t\t\t<img loading=\"lazy\" decoding=\"async\" width=\"768\" height=\"271\" src=\"https:\/\/www.alfa.be\/wp-content\/uploads\/2024\/10\/Samenstelling-Alfa-Immunity-2-caps-FR-768x271.png\" class=\"attachment-medium_large size-medium_large wp-image-20083\" alt=\"\" srcset=\"https:\/\/www.alfa.be\/wp-content\/uploads\/2024\/10\/Samenstelling-Alfa-Immunity-2-caps-FR-768x271.png 768w, https:\/\/www.alfa.be\/wp-content\/uploads\/2024\/10\/Samenstelling-Alfa-Immunity-2-caps-FR-300x106.png 300w, https:\/\/www.alfa.be\/wp-content\/uploads\/2024\/10\/Samenstelling-Alfa-Immunity-2-caps-FR-1024x361.png 1024w, https:\/\/www.alfa.be\/wp-content\/uploads\/2024\/10\/Samenstelling-Alfa-Immunity-2-caps-FR.png 1471w\" sizes=\"(max-width: 768px) 100vw, 768px\" \/>\t\t\t\t\t\t\t\t\t\t\t\t\t\t\t<\/div>\n\t\t\t\t<\/div>\n\t\t\t\t\t<\/div>\n\t\t<\/div>\n\t\t\t\t\t<\/div>\n\t\t<\/section>\n\t\t\t\t<section class=\"elementor-section elementor-top-section elementor-element elementor-element-2dd4dcd5 elementor-section-boxed elementor-section-height-default elementor-section-height-default\" data-id=\"2dd4dcd5\" data-element_type=\"section\" data-e-type=\"section\" data-settings=\"{&quot;background_background&quot;:&quot;classic&quot;,&quot;_ha_eqh_enable&quot;:false}\">\n\t\t\t\t\t\t<div class=\"elementor-container elementor-column-gap-default\">\n\t\t\t\t\t<div class=\"elementor-column elementor-col-100 elementor-top-column elementor-element elementor-element-4bb55f1a\" data-id=\"4bb55f1a\" data-element_type=\"column\" data-e-type=\"column\">\n\t\t\t<div class=\"elementor-widget-wrap elementor-element-populated\">\n\t\t\t\t\t\t<div class=\"elementor-element elementor-element-de8e413 elementor-widget elementor-widget-text-editor\" data-id=\"de8e413\" data-element_type=\"widget\" data-e-type=\"widget\" data-widget_type=\"text-editor.default\">\n\t\t\t\t<div class=\"elementor-widget-container\">\n\t\t\t\t\t\t\t\t\t<h1><span style=\"color: #ffffff;\">MODE DE VIE<\/span><\/h1>\n<p>Que pouvez-vous faire vous-m\u00eame ?<\/p>\n\t\t\t\t\t\t\t\t<\/div>\n\t\t\t\t<\/div>\n\t\t\t\t\t<\/div>\n\t\t<\/div>\n\t\t\t\t\t<\/div>\n\t\t<\/section>\n\t\t\t\t<section class=\"elementor-section elementor-top-section elementor-element elementor-element-59bdab14 elementor-section-content-middle elementor-section-boxed elementor-section-height-default elementor-section-height-default\" data-id=\"59bdab14\" data-element_type=\"section\" data-e-type=\"section\" data-settings=\"{&quot;_ha_eqh_enable&quot;:false}\">\n\t\t\t\t\t\t<div class=\"elementor-container elementor-column-gap-no\">\n\t\t\t\t\t<div class=\"elementor-column elementor-col-100 elementor-top-column elementor-element elementor-element-5e7f66c3\" data-id=\"5e7f66c3\" data-element_type=\"column\" data-e-type=\"column\">\n\t\t\t<div class=\"elementor-widget-wrap elementor-element-populated\">\n\t\t\t\t\t\t<div class=\"elementor-element elementor-element-f44e601 elementor-widget elementor-widget-text-editor\" data-id=\"f44e601\" data-element_type=\"widget\" data-e-type=\"widget\" data-widget_type=\"text-editor.default\">\n\t\t\t\t<div class=\"elementor-widget-container\">\n\t\t\t\t\t\t\t\t\t<ul>\n<li>Buvez beaucoup d&rsquo;eau, \u00e9ventuellement compl\u00e9t\u00e9e par du jus de citron, ou buvez des th\u00e9s apaisantes (par exemple: le th\u00e9 \u00e0 la camomille, au tilleul ou \u00e0 la passiflore).<\/li>\n<li>Dormez suffisamment! 8 heures de sommeil sont id\u00e9ales pour renforcer votre immunit\u00e9. Ce faisant, veillez \u00e9galement \u00e0 ce que votre chambre \u00e0 coucher soit bien ventil\u00e9e.<\/li>\n<li>Passez le plus de temps possible en plein air.<\/li>\n<li>Faites attention \u00e0 votre respiration. En inspirant et en expirant lentement, vous donnez \u00e0 l&rsquo;oxyg\u00e8ne le temps de p\u00e9n\u00e9trer dans votre corps.<\/li>\n<li>La fi\u00e8vre est la r\u00e9ponse de votre syst\u00e8me immunitaire \u00e0 la maladie. Soutenez-la d&rsquo;abord par un refroidissement ad\u00e9quat et un repos physique.<\/li>\n<\/ul>\t\t\t\t\t\t\t\t<\/div>\n\t\t\t\t<\/div>\n\t\t\t\t\t<\/div>\n\t\t<\/div>\n\t\t\t\t\t<\/div>\n\t\t<\/section>\n\t\t\t\t<section class=\"elementor-section elementor-top-section elementor-element elementor-element-e9c090f elementor-section-boxed elementor-section-height-default elementor-section-height-default\" data-id=\"e9c090f\" data-element_type=\"section\" data-e-type=\"section\" data-settings=\"{&quot;_ha_eqh_enable&quot;:false}\">\n\t\t\t\t\t\t<div class=\"elementor-container elementor-column-gap-default\">\n\t\t\t\t\t<div class=\"elementor-column elementor-col-100 elementor-top-column elementor-element elementor-element-1ab518d1\" data-id=\"1ab518d1\" data-element_type=\"column\" data-e-type=\"column\">\n\t\t\t<div class=\"elementor-widget-wrap elementor-element-populated\">\n\t\t\t\t\t\t<div class=\"elementor-element elementor-element-6d9e003b elementor-widget elementor-widget-heading\" data-id=\"6d9e003b\" data-element_type=\"widget\" data-e-type=\"widget\" data-widget_type=\"heading.default\">\n\t\t\t\t<div class=\"elementor-widget-container\">\n\t\t\t\t\t<h2 class=\"elementor-heading-title elementor-size-default\">Demandez-le \u00e0 votre pharmacie<\/h2>\t\t\t\t<\/div>\n\t\t\t\t<\/div>\n\t\t\t\t\t<\/div>\n\t\t<\/div>\n\t\t\t\t\t<\/div>\n\t\t<\/section>\n\t\t\t\t<section class=\"elementor-section elementor-top-section elementor-element elementor-element-53a762dd elementor-section-boxed elementor-section-height-default elementor-section-height-default\" data-id=\"53a762dd\" data-element_type=\"section\" data-e-type=\"section\" data-settings=\"{&quot;_ha_eqh_enable&quot;:false}\">\n\t\t\t\t\t\t<div class=\"elementor-container elementor-column-gap-default\">\n\t\t\t\t\t<div class=\"elementor-column elementor-col-100 elementor-top-column elementor-element elementor-element-59171662\" data-id=\"59171662\" data-element_type=\"column\" data-e-type=\"column\">\n\t\t\t<div class=\"elementor-widget-wrap elementor-element-populated\">\n\t\t\t\t\t\t<div class=\"elementor-element elementor-element-4df2a294 elementor-align-center elementor-widget elementor-widget-button\" data-id=\"4df2a294\" data-element_type=\"widget\" data-e-type=\"widget\" data-widget_type=\"button.default\">\n\t\t\t\t<div class=\"elementor-widget-container\">\n\t\t\t\t\t\t\t\t\t<div class=\"elementor-button-wrapper\">\n\t\t\t\t\t<a class=\"elementor-button elementor-button-link elementor-size-sm\" href=\"https:\/\/www.alfa.be\/fr\/produits-nouveau\/\">\n\t\t\t\t\t\t<span class=\"elementor-button-content-wrapper\">\n\t\t\t\t\t\t\t\t\t<span class=\"elementor-button-text\">D\u00c9COUVREZ AUSSI NOS AUTRES PRODUITS<\/span>\n\t\t\t\t\t<\/span>\n\t\t\t\t\t<\/a>\n\t\t\t\t<\/div>\n\t\t\t\t\t\t\t\t<\/div>\n\t\t\t\t<\/div>\n\t\t\t\t\t<\/div>\n\t\t<\/div>\n\t\t\t\t\t<\/div>\n\t\t<\/section>\n\t\t\t\t<\/div>\n\t\t","protected":false},"excerpt":{"rendered":"<p>ALFA IMMUNITY Pour une plus grande r\u00e9sistance POURQUOI CHOISIR ALFA IMMUNITY ? Alfa Immunity est une solution puissante et polyvalente pour optimiser votre r\u00e9sistance car elle soutient les diff\u00e9rentes barri\u00e8res. Cependant, les m\u00e9dicaments traditionnels ne font que supprimer les sympt\u00f4mes. \u00a0 \u00a0 Les ingr\u00e9dients d&rsquo; Alfa Immunity favorisent le syst\u00e8me de d\u00e9fense naturel des cellules [&hellip;]<\/p>\n","protected":false},"author":1572,"featured_media":0,"parent":0,"menu_order":0,"comment_status":"closed","ping_status":"closed","template":"","meta":{"_exactmetrics_skip_tracking":false,"_exactmetrics_sitenote_active":false,"_exactmetrics_sitenote_note":"","_exactmetrics_sitenote_category":0,"__cvm_playback_settings":[],"__cvm_video_id":"","footnotes":""},"class_list":["post-18499","page","type-page","status-publish","hentry"],"_links":{"self":[{"href":"https:\/\/www.alfa.be\/fr\/wp-json\/wp\/v2\/pages\/18499","targetHints":{"allow":["GET"]}}],"collection":[{"href":"https:\/\/www.alfa.be\/fr\/wp-json\/wp\/v2\/pages"}],"about":[{"href":"https:\/\/www.alfa.be\/fr\/wp-json\/wp\/v2\/types\/page"}],"author":[{"embeddable":true,"href":"https:\/\/www.alfa.be\/fr\/wp-json\/wp\/v2\/users\/1572"}],"replies":[{"embeddable":true,"href":"https:\/\/www.alfa.be\/fr\/wp-json\/wp\/v2\/comments?post=18499"}],"version-history":[{"count":0,"href":"https:\/\/www.alfa.be\/fr\/wp-json\/wp\/v2\/pages\/18499\/revisions"}],"wp:attachment":[{"href":"https:\/\/www.alfa.be\/fr\/wp-json\/wp\/v2\/media?parent=18499"}],"curies":[{"name":"wp","href":"https:\/\/api.w.org\/{rel}","templated":true}]}}