{"id":18483,"date":"2023-05-30T09:15:00","date_gmt":"2023-05-30T07:15:00","guid":{"rendered":"https:\/\/www.alfa.be\/?page_id=18483"},"modified":"2023-05-30T09:20:19","modified_gmt":"2023-05-30T07:20:19","slug":"stress-burn-out","status":"publish","type":"page","link":"https:\/\/www.alfa.be\/fr\/wetenschappelijke-studiedagen-nutrifarma-2020\/stress-burn-out\/","title":{"rendered":"Stress &#038; burn-out"},"content":{"rendered":"<p>[vc_row row_type=\u00a0\u00bbrow\u00a0\u00bb use_row_as_full_screen_section=\u00a0\u00bbno\u00a0\u00bb type=\u00a0\u00bbfull_width\u00a0\u00bb angled_section=\u00a0\u00bbno\u00a0\u00bb text_align=\u00a0\u00bbleft\u00a0\u00bb background_image_as_pattern=\u00a0\u00bbwithout_pattern\u00a0\u00bb][vc_column][vc_empty_space][\/vc_column][\/vc_row][vc_row row_type=\u00a0\u00bbrow\u00a0\u00bb use_row_as_full_screen_section=\u00a0\u00bbno\u00a0\u00bb type=\u00a0\u00bbfull_width\u00a0\u00bb angled_section=\u00a0\u00bbno\u00a0\u00bb text_align=\u00a0\u00bbleft\u00a0\u00bb background_image_as_pattern=\u00a0\u00bbwithout_pattern\u00a0\u00bb css=\u00a0\u00bb.vc_custom_1685431210392{margin-top: 100px !important;}\u00a0\u00bb][vc_column][vc_column_text]<\/p>\n<h3 style=\"text-align: center;\">s&rsquo;abstenir<\/h3>\n<h3 style=\"text-align: center;\">\nStress &amp; burn-out<\/h3>\n<p>[\/vc_column_text][\/vc_column][\/vc_row][vc_row row_type=\u00a0\u00bbrow\u00a0\u00bb use_row_as_full_screen_section=\u00a0\u00bbno\u00a0\u00bb type=\u00a0\u00bbfull_width\u00a0\u00bb angled_section=\u00a0\u00bbno\u00a0\u00bb text_align=\u00a0\u00bbleft\u00a0\u00bb background_image_as_pattern=\u00a0\u00bbwithout_pattern\u00a0\u00bb][vc_column][vc_empty_space][\/vc_column][\/vc_row][vc_row row_type=\u00a0\u00bbrow\u00a0\u00bb use_row_as_full_screen_section=\u00a0\u00bbno\u00a0\u00bb type=\u00a0\u00bbfull_width\u00a0\u00bb angled_section=\u00a0\u00bbno\u00a0\u00bb text_align=\u00a0\u00bbleft\u00a0\u00bb background_image_as_pattern=\u00a0\u00bbwithout_pattern\u00a0\u00bb][vc_column][vc_column_text]<\/p>\n<h3 style=\"text-align: center;\">Mardi 17 mars 2020 \u00e0 Anvers (BluePoint Berchem)<\/h3>\n<h3 style=\"text-align: center;\">Jeudi 19 mars 2020 \u00e0 Gand (Communication Campus R4)<\/h3>\n<h3 style=\"text-align: center;\">19h30 &#8211; 22h30<\/h3>\n<h3 style=\"text-align: center;\"><\/h3>\n<h3 style=\"text-align: center;\">Dr Bert Lef\u00e8vre<\/h3>\n<p>[\/vc_column_text][\/vc_column][\/vc_row][vc_row row_type=\u00a0\u00bbrow\u00a0\u00bb use_row_as_full_screen_section=\u00a0\u00bbno\u00a0\u00bb type=\u00a0\u00bbfull_width\u00a0\u00bb angled_section=\u00a0\u00bbno\u00a0\u00bb text_align=\u00a0\u00bbleft\u00a0\u00bb background_image_as_pattern=\u00a0\u00bbwithout_pattern\u00a0\u00bb][vc_column][vc_empty_space][\/vc_column][\/vc_row][vc_row row_type=\u00a0\u00bbrow\u00a0\u00bb use_row_as_full_screen_section=\u00a0\u00bbno\u00a0\u00bb type=\u00a0\u00bbfull_width\u00a0\u00bb angled_section=\u00a0\u00bbno\u00a0\u00bb text_align=\u00a0\u00bbleft\u00a0\u00bb background_image_as_pattern=\u00a0\u00bbwithout_pattern\u00a0\u00bb][vc_column width=\u00a0\u00bb1\/4&Prime;][\/vc_column][vc_column width=\u00a0\u00bb1\/2&Prime;][vc_column_text]Cette conf\u00e9rence du soir vise \u00e0 apporter des r\u00e9ponses concr\u00e8tes et pratiques aux questions suivantes :<\/p>\n<ul>\n<li>Quelles analyses utiliser avec les personnes soup\u00e7onn\u00e9es de faire un burn-out ? Partage d&rsquo;exp\u00e9riences avec les diff\u00e9rentes analyses.<\/li>\n<li>Comment faire comprendre aux gens qu&rsquo;ils se dirigent vers un burn-out.<\/li>\n<li>Quelle est la valeur ajout\u00e9e d&rsquo;une approche pluridisciplinaire du burnout : plan d&rsquo;action, m\u00e9dication, suppl\u00e9mentation.<br \/>\nLe\u00e7ons de la pratique : choses \u00e0 faire et \u00e0 ne pas faire en th\u00e9rapie pour les patients en burn-out.<\/li>\n<\/ul>\n<p>[\/vc_column_text][\/vc_column][vc_column width=\u00a0\u00bb1\/4&Prime;][\/vc_column][\/vc_row][vc_row row_type=\u00a0\u00bbrow\u00a0\u00bb use_row_as_full_screen_section=\u00a0\u00bbno\u00a0\u00bb type=\u00a0\u00bbfull_width\u00a0\u00bb angled_section=\u00a0\u00bbno\u00a0\u00bb text_align=\u00a0\u00bbleft\u00a0\u00bb background_image_as_pattern=\u00a0\u00bbwithout_pattern\u00a0\u00bb][vc_column][vc_empty_space][\/vc_column][\/vc_row][vc_row row_type=\u00a0\u00bbrow\u00a0\u00bb use_row_as_full_screen_section=\u00a0\u00bbno\u00a0\u00bb type=\u00a0\u00bbfull_width\u00a0\u00bb angled_section=\u00a0\u00bbno\u00a0\u00bb text_align=\u00a0\u00bbleft\u00a0\u00bb background_image_as_pattern=\u00a0\u00bbwithout_pattern\u00a0\u00bb][vc_column][vc_single_image image=\u00a0\u00bb761&Prime; img_size=\u00a0\u00bbfull\u00a0\u00bb alignment=\u00a0\u00bbcenter\u00a0\u00bb qode_css_animation=\u00a0\u00bb\u00a0\u00bb][\/vc_column][\/vc_row][vc_row row_type=\u00a0\u00bbrow\u00a0\u00bb use_row_as_full_screen_section=\u00a0\u00bbno\u00a0\u00bb type=\u00a0\u00bbfull_width\u00a0\u00bb angled_section=\u00a0\u00bbno\u00a0\u00bb text_align=\u00a0\u00bbleft\u00a0\u00bb background_image_as_pattern=\u00a0\u00bbwithout_pattern\u00a0\u00bb][vc_column][vc_empty_space][\/vc_column][\/vc_row][vc_row row_type=\u00a0\u00bbrow\u00a0\u00bb use_row_as_full_screen_section=\u00a0\u00bbno\u00a0\u00bb type=\u00a0\u00bbfull_width\u00a0\u00bb angled_section=\u00a0\u00bbno\u00a0\u00bb text_align=\u00a0\u00bbleft\u00a0\u00bb background_image_as_pattern=\u00a0\u00bbwithout_pattern\u00a0\u00bb][vc_column width=\u00a0\u00bb1\/4&Prime;][\/vc_column][vc_column width=\u00a0\u00bb1\/2&Prime;][vc_column_text]Bert Lef\u00e8vre a obtenu son dipl\u00f4me de m\u00e9decin g\u00e9n\u00e9raliste au RUG en 1988, apr\u00e8s quoi il a effectu\u00e9 une autre ann\u00e9e d&rsquo;assistanat libre en m\u00e9decine interne g\u00e9n\u00e9rale. Quelques ann\u00e9es apr\u00e8s avoir travaill\u00e9 comme m\u00e9decin g\u00e9n\u00e9raliste, il s&rsquo;est peu \u00e0 peu senti insatisfait du mod\u00e8le m\u00e9dical avec lequel il travaillait \u00e0 l&rsquo;\u00e9poque. Les r\u00e9sultats ne se sont pas concr\u00e9tis\u00e9s ou n&rsquo;ont pas \u00e9t\u00e9 satisfaisants. Il a commenc\u00e9 \u00e0 chercher et a commenc\u00e9 sa formation en hom\u00e9opathie classique en 1993. Cela s&rsquo;est bien pass\u00e9 au d\u00e9but, mais au bout d&rsquo;un moment, il a remarqu\u00e9 que les r\u00e9sultats n&rsquo;\u00e9taient toujours pas ce qu&rsquo;il souhaitait.<br \/>\nQuelques \u00e9v\u00e9nements majeurs de sa vie priv\u00e9e l&rsquo;ont conduit sur le chemin de la m\u00e9decine fonctionnelle. Il a \u00e9t\u00e9 imm\u00e9diatement fascin\u00e9 par cela parce que la m\u00e9decine fonctionnelle traite la cause principale de la maladie, plut\u00f4t que seulement les effets ou les sympt\u00f4mes en aval. Il est l&rsquo;un des pionniers de la m\u00e9decine fonctionnelle en Flandre.[\/vc_column_text][\/vc_column][vc_column width=\u00a0\u00bb1\/4&Prime;][\/vc_column][\/vc_row][vc_row row_type=\u00a0\u00bbrow\u00a0\u00bb use_row_as_full_screen_section=\u00a0\u00bbno\u00a0\u00bb type=\u00a0\u00bbfull_width\u00a0\u00bb angled_section=\u00a0\u00bbno\u00a0\u00bb text_align=\u00a0\u00bbleft\u00a0\u00bb background_image_as_pattern=\u00a0\u00bbwithout_pattern\u00a0\u00bb][vc_column][vc_empty_space][\/vc_column][\/vc_row][vc_row row_type=\u00a0\u00bbrow\u00a0\u00bb use_row_as_full_screen_section=\u00a0\u00bbno\u00a0\u00bb type=\u00a0\u00bbfull_width\u00a0\u00bb angled_section=\u00a0\u00bbno\u00a0\u00bb text_align=\u00a0\u00bbleft\u00a0\u00bb background_image_as_pattern=\u00a0\u00bbwithout_pattern\u00a0\u00bb][vc_column width=\u00a0\u00bb1\/4&Prime;][\/vc_column][vc_column width=\u00a0\u00bb1\/2&Prime;][vc_column_text]<\/p>\n<p style=\"text-align: center;\">[button size=\u00a0\u00bb style=\u00a0\u00bb text=&rsquo;Inschrijven&rsquo; icon=\u00a0\u00bb icon_color=\u00a0\u00bb link=&rsquo;https:\/\/www.alfa.be\/inschrijving-wetenschappelijke-studiedagen-nutrifarma-2020\/&rsquo; target=&rsquo;_self&rsquo; color=\u00a0\u00bb hover_color=\u00a0\u00bb border_color=\u00a0\u00bb hover_border_color=\u00a0\u00bb background_color=\u00a0\u00bb hover_background_color=\u00a0\u00bb font_style=\u00a0\u00bb font_weight=\u00a0\u00bb text_align=\u00a0\u00bb margin=\u00a0\u00bb]<\/p>\n<p>[\/vc_column_text][\/vc_column][vc_column width=\u00a0\u00bb1\/4&Prime;][\/vc_column][\/vc_row]<\/p>\n","protected":false},"excerpt":{"rendered":"<p>[vc_row row_type=\u00a0\u00bbrow\u00a0\u00bb use_row_as_full_screen_section=\u00a0\u00bbno\u00a0\u00bb type=\u00a0\u00bbfull_width\u00a0\u00bb angled_section=\u00a0\u00bbno\u00a0\u00bb text_align=\u00a0\u00bbleft\u00a0\u00bb background_image_as_pattern=\u00a0\u00bbwithout_pattern\u00a0\u00bb][vc_column][vc_empty_space][\/vc_column][\/vc_row][vc_row row_type=\u00a0\u00bbrow\u00a0\u00bb use_row_as_full_screen_section=\u00a0\u00bbno\u00a0\u00bb type=\u00a0\u00bbfull_width\u00a0\u00bb angled_section=\u00a0\u00bbno\u00a0\u00bb text_align=\u00a0\u00bbleft\u00a0\u00bb background_image_as_pattern=\u00a0\u00bbwithout_pattern\u00a0\u00bb css=\u00a0\u00bb.vc_custom_1685431210392{margin-top: 100px !important;}\u00a0\u00bb][vc_column][vc_column_text] s&rsquo;abstenir Stress &amp; burn-out [\/vc_column_text][\/vc_column][\/vc_row][vc_row row_type=\u00a0\u00bbrow\u00a0\u00bb use_row_as_full_screen_section=\u00a0\u00bbno\u00a0\u00bb type=\u00a0\u00bbfull_width\u00a0\u00bb angled_section=\u00a0\u00bbno\u00a0\u00bb text_align=\u00a0\u00bbleft\u00a0\u00bb background_image_as_pattern=\u00a0\u00bbwithout_pattern\u00a0\u00bb][vc_column][vc_empty_space][\/vc_column][\/vc_row][vc_row row_type=\u00a0\u00bbrow\u00a0\u00bb use_row_as_full_screen_section=\u00a0\u00bbno\u00a0\u00bb type=\u00a0\u00bbfull_width\u00a0\u00bb angled_section=\u00a0\u00bbno\u00a0\u00bb text_align=\u00a0\u00bbleft\u00a0\u00bb background_image_as_pattern=\u00a0\u00bbwithout_pattern\u00a0\u00bb][vc_column][vc_column_text] Mardi 17 mars 2020 \u00e0 Anvers (BluePoint Berchem) Jeudi 19 mars 2020 \u00e0 Gand (Communication Campus R4) 19h30 &#8211; 22h30 Dr Bert [&hellip;]<\/p>\n","protected":false},"author":177,"featured_media":0,"parent":5908,"menu_order":0,"comment_status":"closed","ping_status":"closed","template":"","meta":{"_exactmetrics_skip_tracking":false,"_exactmetrics_sitenote_active":false,"_exactmetrics_sitenote_note":"","_exactmetrics_sitenote_category":0,"__cvm_playback_settings":[],"__cvm_video_id":"","footnotes":""},"class_list":["post-18483","page","type-page","status-publish","hentry"],"_links":{"self":[{"href":"https:\/\/www.alfa.be\/fr\/wp-json\/wp\/v2\/pages\/18483","targetHints":{"allow":["GET"]}}],"collection":[{"href":"https:\/\/www.alfa.be\/fr\/wp-json\/wp\/v2\/pages"}],"about":[{"href":"https:\/\/www.alfa.be\/fr\/wp-json\/wp\/v2\/types\/page"}],"author":[{"embeddable":true,"href":"https:\/\/www.alfa.be\/fr\/wp-json\/wp\/v2\/users\/177"}],"replies":[{"embeddable":true,"href":"https:\/\/www.alfa.be\/fr\/wp-json\/wp\/v2\/comments?post=18483"}],"version-history":[{"count":0,"href":"https:\/\/www.alfa.be\/fr\/wp-json\/wp\/v2\/pages\/18483\/revisions"}],"up":[{"embeddable":true,"href":"https:\/\/www.alfa.be\/fr\/wp-json\/wp\/v2\/pages\/5908"}],"wp:attachment":[{"href":"https:\/\/www.alfa.be\/fr\/wp-json\/wp\/v2\/media?parent=18483"}],"curies":[{"name":"wp","href":"https:\/\/api.w.org\/{rel}","templated":true}]}}